{"id":1506,"date":"2022-07-11T10:02:08","date_gmt":"2022-07-11T08:02:08","guid":{"rendered":"https:\/\/www.hotelpalarine.com\/?page_id=1506"},"modified":"2022-11-18T17:23:56","modified_gmt":"2022-11-18T16:23:56","slug":"acceuil","status":"publish","type":"page","link":"https:\/\/www.hotelpalarine.com\/fr\/","title":{"rendered":"Accueil"},"content":{"rendered":"\n\n<h2>\n\t\tVotre base au c\u0153ur de l&rsquo;Andorre\n\t<\/h2>\n<h1>\n\t\tHOTEL PALARINE\n\t<\/h1>\n\t\t\t<a href=\"https:\/\/direct-book.com\/properties\/hotelpalarinedirect\" target=\"_blank\" role=\"button\" rel=\"noopener\">\n\t\t\t\t\t\t\tOBTENEZ LE MEILLEUR TARIF &#8211; R\u00c9SERVEZ DIRECTEMENT\n\t\t\t\t\t<\/a>\n\t\t\t\t<img loading=\"lazy\" decoding=\"async\" src=\"https:\/\/www.hotelpalarine.com\/wp-content\/uploads\/2022\/10\/2022-tripvisor.png\" alt=\"2022 tripvisor\" itemprop=\"image\" height=\"120\" width=\"100\" title=\"2022 tripvisor\" onerror=\"this.style.display='none'\"  \/>\n\t\t\t\t<img loading=\"lazy\" decoding=\"async\" src=\"https:\/\/www.hotelpalarine.com\/wp-content\/uploads\/2020\/12\/authority-logos-bookingdotcom.png\" alt=\"Booking.com - Very Good Rate\" itemprop=\"image\" height=\"101\" width=\"323\" title=\"authority-logos-bookingdotcom\" onerror=\"this.style.display='none'\"  \/>\n\t\t\t\t<img loading=\"lazy\" decoding=\"async\" src=\"https:\/\/www.hotelpalarine.com\/wp-content\/uploads\/2020\/12\/authority-logos-no1-chinese-food.png\" alt=\"No. 1 Chinese Food in Andorra\" itemprop=\"image\" height=\"72\" width=\"326\" title=\"authority-logos-no1-chinese-food\" onerror=\"this.style.display='none'\"  \/>\n\t<h2>Nos chambres<\/h2>\n<p>Toutes nos chambres doubles, triples et quadruples spacieuses, r\u00e9cemment r\u00e9nov\u00e9es, sont accessibles par ascenseur et offrent une vue imprenable sur les montagnes et la rivi\u00e8re.<\/p>\n\t\t\t\t<a href=\"https:\/\/www.hotelpalarine.com\/fr\/?page_id=1227\" target=\"_self\" itemprop=\"url\" rel=\"noopener\">\n\t\t\t\t<img loading=\"lazy\" decoding=\"async\" src=\"https:\/\/www.hotelpalarine.com\/wp-content\/uploads\/2020\/12\/Double-Twin-Rooms-Image.png\" alt=\"Double\/Twin Rooms\" itemprop=\"image\" height=\"450\" width=\"279\" title=\"Double\/Twin Rooms\" onerror=\"this.style.display='none'\"  \/>\n\t\t\t\t<\/a>\n\t\t\t\t<a href=\"https:\/\/www.hotelpalarine.com\/fr\/?page_id=1227\" target=\"_self\" itemprop=\"url\" rel=\"noopener\">\n\t\t\t\t<img loading=\"lazy\" decoding=\"async\" src=\"https:\/\/www.hotelpalarine.com\/wp-content\/uploads\/2020\/12\/Triple-Rooms-Image.png\" alt=\"Triple Rooms\" itemprop=\"image\" height=\"450\" width=\"279\" title=\"Triple Rooms\" onerror=\"this.style.display='none'\"  \/>\n\t\t\t\t<\/a>\n\t\t\t\t<a href=\"https:\/\/www.hotelpalarine.com\/fr\/?page_id=1227\" target=\"_self\" itemprop=\"url\" rel=\"noopener\">\n\t\t\t\t<img loading=\"lazy\" decoding=\"async\" src=\"https:\/\/www.hotelpalarine.com\/wp-content\/uploads\/2020\/12\/Quad-Rooms-Image.png\" alt=\"Quad Rooms\" itemprop=\"image\" height=\"450\" width=\"279\" title=\"Quad Rooms\" onerror=\"this.style.display='none'\"  \/>\n\t\t\t\t<\/a>\n<h2>\n\t\tNOS SERVICES\n\t<\/h2>\n\t\t\t\t<a href=\"https:\/\/www.hotelpalarine.com\/fr\/?page_id=1240\" target=\"_self\" itemprop=\"url\" rel=\"noopener\">\n\t\t\t\t<img loading=\"lazy\" decoding=\"async\" src=\"https:\/\/www.hotelpalarine.com\/wp-content\/uploads\/2020\/12\/Our-Features-Bar.png\" alt=\"Bar\" itemprop=\"image\" height=\"187\" width=\"280\" title=\"Bar\" onerror=\"this.style.display='none'\"  \/>\n\t\t\t\t<\/a>\n\t\tBar\n\t\t\t\t<a href=\"https:\/\/www.hotelpalarine.com\/fr\/?page_id=1240\" target=\"_self\" itemprop=\"url\" rel=\"noopener\">\n\t\t\t\t<img loading=\"lazy\" decoding=\"async\" src=\"https:\/\/www.hotelpalarine.com\/wp-content\/uploads\/2021\/01\/Our-Features-Super-Fast-Wifi.png\" alt=\"Super Fast Wifi\" itemprop=\"image\" height=\"187\" width=\"280\" title=\"Super Fast Wifi\" onerror=\"this.style.display='none'\"  \/>\n\t\t\t\t<\/a>\n\t\tSuper Fast Wifi\n\t\t\t\t<a href=\"https:\/\/www.hotelpalarine.com\/fr\/?page_id=1240\" target=\"_self\" itemprop=\"url\" rel=\"noopener\">\n\t\t\t\t<img loading=\"lazy\" decoding=\"async\" src=\"https:\/\/www.hotelpalarine.com\/wp-content\/uploads\/2020\/12\/Our-Features-Garden.png\" alt=\"Garden\" itemprop=\"image\" height=\"187\" width=\"280\" title=\"Gardenes-Garden\" onerror=\"this.style.display='none'\"  \/>\n\t\t\t\t<\/a>\n\t\tGarden\n\t\t\t\t<a href=\"https:\/\/www.hotelpalarine.com\/fr\/?page_id=1240\" target=\"_self\" itemprop=\"url\" rel=\"noopener\">\n\t\t\t\t<img loading=\"lazy\" decoding=\"async\" src=\"https:\/\/www.hotelpalarine.com\/wp-content\/uploads\/2020\/12\/Our-Features-Garage.png\" alt=\"Garage\" itemprop=\"image\" height=\"187\" width=\"280\" title=\"Garage\" onerror=\"this.style.display='none'\"  \/>\n\t\t\t\t<\/a>\n\t\tGarage\n<h2>\n\t\tEXPLORER L&rsquo;ANDORRE\n\t<\/h2>\n\t\t\t\t<a href=\"https:\/\/www.hotelpalarine.com\/fr\/explorez\/\" target=\"_self\" itemprop=\"url\" rel=\"noopener\">\n\t\t\t\t<img loading=\"lazy\" decoding=\"async\" src=\"https:\/\/www.hotelpalarine.com\/wp-content\/uploads\/2021\/01\/Explore-Winter-Sports.png\" alt=\"Winter Sports\" itemprop=\"image\" height=\"295\" width=\"290\" title=\"Winter Sports\" onerror=\"this.style.display='none'\"  \/>\n\t\t\t\t<\/a>\n\t\t\t\t<a href=\"https:\/\/www.hotelpalarine.com\/fr\/explorez\/\" target=\"_self\" itemprop=\"url\" rel=\"noopener\">\n\t\t\t\t<img loading=\"lazy\" decoding=\"async\" src=\"https:\/\/www.hotelpalarine.com\/wp-content\/uploads\/2021\/01\/Explore-Cycling.png\" alt=\"Cycling\/Mountain Biking\" itemprop=\"image\" height=\"295\" width=\"290\" title=\"Cycling\/Mountain Biking\" onerror=\"this.style.display='none'\"  \/>\n\t\t\t\t<\/a>\n\t\t\t\t<a href=\"https:\/\/www.hotelpalarine.com\/fr\/explorez\/\" target=\"_self\" itemprop=\"url\" rel=\"noopener\">\n\t\t\t\t<img loading=\"lazy\" decoding=\"async\" src=\"https:\/\/www.hotelpalarine.com\/wp-content\/uploads\/2021\/01\/Explore-Motorcycling.png\" alt=\"Motorcycling\" itemprop=\"image\" height=\"295\" width=\"290\" title=\"Motorcycling\" onerror=\"this.style.display='none'\"  \/>\n\t\t\t\t<\/a>\n\t\t\t\t<a href=\"https:\/\/www.hotelpalarine.com\/fr\/explorez\/\" target=\"_self\" itemprop=\"url\" rel=\"noopener\">\n\t\t\t\t<img loading=\"lazy\" decoding=\"async\" src=\"https:\/\/www.hotelpalarine.com\/wp-content\/uploads\/2021\/01\/Explore-Hiking.png\" alt=\"Hiking\" itemprop=\"image\" height=\"295\" width=\"290\" title=\"Hiking\" onerror=\"this.style.display='none'\"  \/>\n\t\t\t\t<\/a>\n\t\t\t\t<a href=\"https:\/\/www.hotelpalarine.com\/fr\/explorez\/\" target=\"_self\" itemprop=\"url\" rel=\"noopener\">\n\t\t\t\t<img loading=\"lazy\" decoding=\"async\" src=\"https:\/\/www.hotelpalarine.com\/wp-content\/uploads\/2021\/01\/Explore-Shopping.png\" alt=\"Shopping\" itemprop=\"image\" height=\"295\" width=\"290\" title=\"Shopping\" onerror=\"this.style.display='none'\"  \/>\n\t\t\t\t<\/a>\n\t\t\t\t<a href=\"https:\/\/www.hotelpalarine.com\/fr\/explorez\/\" target=\"_self\" itemprop=\"url\" rel=\"noopener\">\n\t\t\t\t<img loading=\"lazy\" decoding=\"async\" src=\"https:\/\/www.hotelpalarine.com\/wp-content\/uploads\/2021\/01\/Explore-Gastronomy.png\" alt=\"Gastronomy\" itemprop=\"image\" height=\"295\" width=\"290\" title=\"Gastronomy\" onerror=\"this.style.display='none'\"  \/>\n\t\t\t\t<\/a>\n\t\t\t\t<a href=\"https:\/\/www.hotelpalarine.com\/fr\/explorez\/\" target=\"_self\" itemprop=\"url\" rel=\"noopener\">\n\t\t\t\t<img loading=\"lazy\" decoding=\"async\" src=\"https:\/\/www.hotelpalarine.com\/wp-content\/uploads\/2021\/01\/Explore-Wellness.png\" alt=\"Wellness\" itemprop=\"image\" height=\"295\" width=\"290\" title=\"Wellness\" onerror=\"this.style.display='none'\"  \/>\n\t\t\t\t<\/a>\n\t\t\t\t<a href=\"https:\/\/www.hotelpalarine.com\/fr\/explorez\/\" target=\"_self\" itemprop=\"url\" rel=\"noopener\">\n\t\t\t\t<img loading=\"lazy\" decoding=\"async\" src=\"https:\/\/www.hotelpalarine.com\/wp-content\/uploads\/2021\/01\/Explore-Families.png\" alt=\"Families\" itemprop=\"image\" height=\"295\" width=\"290\" title=\"Families\" onerror=\"this.style.display='none'\"  \/>\n\t\t\t\t<\/a>\n<h2>\n\t\tRESTAURANT ORIENTAL BAMBU\n\t<\/h2>\n\t\t\t\t<a href=\"#\" target=\"_self\" itemprop=\"url\" rel=\"noopener\">\n\t\t\t\t<img loading=\"lazy\" decoding=\"async\" src=\"https:\/\/www.hotelpalarine.com\/wp-content\/uploads\/2020\/12\/Restaurant-Breakfast.png\" alt=\"Breakfast\" itemprop=\"image\" height=\"300\" width=\"288\" title=\"Breakfast\" onerror=\"this.style.display='none'\"  \/>\n\t\t\t\t<\/a>\n\t\t\t\t<a href=\"#\" target=\"_self\" itemprop=\"url\" rel=\"noopener\">\n\t\t\t\t<img loading=\"lazy\" decoding=\"async\" src=\"https:\/\/www.hotelpalarine.com\/wp-content\/uploads\/2020\/12\/Restaurant-Dinner-Buffet.png\" alt=\"Dinner Buffet\" itemprop=\"image\" height=\"300\" width=\"288\" title=\"Dinner Buffet\" onerror=\"this.style.display='none'\"  \/>\n\t\t\t\t<\/a>\n\t\t\t\t<a href=\"#\" target=\"_self\" itemprop=\"url\" rel=\"noopener\">\n\t\t\t\t<img loading=\"lazy\" decoding=\"async\" src=\"https:\/\/www.hotelpalarine.com\/wp-content\/uploads\/2020\/12\/Restaurant-A-La-Carte.png\" alt=\"\u00c0 LA CARTE\" itemprop=\"image\" height=\"300\" width=\"288\" title=\"\u00c0 LA CARTE\" onerror=\"this.style.display='none'\"  \/>\n\t\t\t\t<\/a>\n\t\t\t\t<a href=\"#\" target=\"_self\" itemprop=\"url\" rel=\"noopener\">\n\t\t\t\t<img loading=\"lazy\" decoding=\"async\" src=\"https:\/\/www.hotelpalarine.com\/wp-content\/uploads\/2020\/12\/Restaurant-Takeaway.png\" alt=\"Takeaway\" itemprop=\"image\" height=\"300\" width=\"288\" title=\"Takeaway\" onerror=\"this.style.display='none'\"  \/>\n\t\t\t\t<\/a>\n\t\t\t\t\t\t\t<img decoding=\"async\" src=\"https:\/\/www.hotelpalarine.com\/wp-content\/uploads\/2020\/12\/David-J-Testimonial.png\" alt=\"David J\" \/>\n\t\t\t\t\t\t\t\t\t\t\t\t\t\t\t\t\t\t\t<strong>Le meilleur<\/strong><br \/>\n<em>5\u00e8me fois dans cet h\u00f4tel, je suis venu avec des amis car nous aimons le VTT ici, c&rsquo;est vraiment un endroit g\u00e9nial, les propri\u00e9taires sont super sympas, la nourriture est excellente, j&rsquo;aime vraiment l&#8217;emplacement, c&rsquo;est agr\u00e9able de se promener dans les montagnes \u00e0 partir d&rsquo;ici. 5 \u00e9toiles pour moi !<\/em>\n\t\t\t\t\t\t\t\t\t\t\t\t\t\t\t\t\t<h3>&#8211; David J<\/h3>\n\t\t\t\t\t\t\t<img decoding=\"async\" src=\"https:\/\/www.hotelpalarine.com\/wp-content\/uploads\/2020\/12\/David-J-Testimonial.png\" alt=\"David J\" \/>\n\t\t\t\t\t\t\t\t\t\t\t\t\t\t\t\t\t\t\t<strong>Quelle perle<\/strong><br \/>\n<em>Nous nous sommes arr\u00eat\u00e9s ici \u00e0 l&rsquo;h\u00f4tel Palarine sur notre chemin vers l&rsquo;Espagne. Wow ! Quelle belle trouvaille ! Le personnel est sympathique, les chambres sont tr\u00e8s propres et l&rsquo;\u00e9tablissement est situ\u00e9 dans un cadre pittoresque. Comme c&rsquo;\u00e9tait le milieu de l&rsquo;\u00e9t\u00e9, il faisait beau et chaud et il \u00e9tait agr\u00e9able de se promener. Le restaurant chinois de l&rsquo;h\u00f4tel \u00e9tait absolument magnifique. La nourriture \u00e9tait d\u00e9licieuse et \u00e0 un bon prix.<br \/>\nNous nous y arr\u00eaterions certainement \u00e0 nouveau sur notre chemin, mais peut-\u00eatre pour y rester plus longtemps.<\/em>\n\t\t\t\t\t\t\t\t\t\t\t\t\t\t\t\t\t<h3>&#8211; tonyxr4<\/h3>\n\t\t\t\t\t\t\t<img decoding=\"async\" src=\"https:\/\/www.hotelpalarine.com\/wp-content\/uploads\/2020\/12\/David-J-Testimonial.png\" alt=\"David J\" \/>\n\t\t\t\t\t\t\t\t\t\t\t\t\t\t\t\t\t\t\t<strong>Le meilleur buffet chinois que j&rsquo;ai eu la chance de visiter<\/strong><br \/>\n<em>La qualit\u00e9 de la nourriture doit \u00eatre exceptionnelle lorsque vous choisissez un buffet. Le buffet chinois de l&rsquo;h\u00f4tel Palarine\/ Bambu propose une nourriture de qualit\u00e9, vari\u00e9e, nutritive et d\u00e9licieuse dans une atmosph\u00e8re accueillante et familiale. J&rsquo;ai personnellement appr\u00e9ci\u00e9 les all\u00e9chantes Ribs, les sushis et le canard laqu\u00e9. Assurez-vous de venir avec de l&rsquo;app\u00e9tit car vous voudrez tout go\u00fbter. Rapport qualit\u00e9-prix total, ne partez pas d&rsquo;Andorre sans l&rsquo;essayer !<\/em>\n\t\t\t\t\t\t\t\t\t\t\t\t\t\t\t\t\t<h3>&#8211; CLC<\/h3>\n\t\t\t\t\t\t\t<img decoding=\"async\" src=\"https:\/\/www.hotelpalarine.com\/wp-content\/uploads\/2020\/12\/David-J-Testimonial.png\" alt=\"David J\" \/>\n\t\t\t\t\t\t\t\t\t\t\t\t\t\t\t\t\t\t\t<strong>Une grande semaine \u00e0 l&rsquo;h\u00f4tel Palarine !<\/strong><br \/>\n<em>Je viens de passer une semaine formidable \u00e0 l&rsquo;h\u00f4tel Palarine.<br \/>\nPropre, confortable, chaleureux et sociable &#8211; et la nourriture est incroyable !<br \/>\nLe ski-bus gratuit \u00e9tait g\u00e9nial &#8211; il a permis de rejoindre facilement la t\u00e9l\u00e9cabine de Pal ou d&rsquo;Arinsal en quelques minutes.<br \/>\nMerci Maria, Graham et l&rsquo;\u00e9quipe<\/em>!\n\t\t\t\t\t\t\t\t\t\t\t\t\t\t\t\t\t<h3>&#8211; Taloo69<\/h3>\n\t\t\t\t\t\t\t<img decoding=\"async\" src=\"https:\/\/www.hotelpalarine.com\/wp-content\/uploads\/2020\/12\/David-J-Testimonial.png\" alt=\"David J\" \/>\n\t\t\t\t\t\t\t\t\t\t\t\t\t\t\t\t\t\t\t<strong>Mon dieu !<\/strong><br \/><em>C&rsquo;est le d\u00eener du dimanche le plus fantastique que j&rsquo;ai jamais eu l&rsquo;occasion de go\u00fbter<br \/>\nAllez-y.<br \/>\nEh bien, que puis je dire de plus. Je suis venu ici pour passer un bon moment, et j&rsquo;ai pass\u00e9 un moment d\u00e9licieux.<br \/>\n10\/10, g\u00e9nial<br \/>\nMention sp\u00e9ciale pour la sauce Gravy sans gluten.<\/em>!\n\t\t\t\t\t\t\t\t\t\t\t\t\t\t\t\t\t<h3>&#8211; Kyle L<\/h3>\n\t\t\t\t<!-- \/.pp-testimonials -->\n\n","protected":false},"excerpt":{"rendered":"<p>Votre base au c\u0153ur de l&rsquo;Andorre HOTEL PALARINE OBTENEZ LE MEILLEUR TARIF &#8211; R\u00c9SERVEZ DIRECTEMENT Nos chambres Toutes nos chambres doubles, triples et quadruples spacieuses, r\u00e9cemment r\u00e9nov\u00e9es, sont accessibles par ascenseur et offrent une vue imprenable sur les montagnes et la rivi\u00e8re. NOS SERVICES Bar Super Fast Wifi Garden Garage EXPLORER L&rsquo;ANDORRE RESTAURANT ORIENTAL BAMBU [&hellip;]<\/p>\n","protected":false},"author":2,"featured_media":0,"parent":0,"menu_order":0,"comment_status":"closed","ping_status":"closed","template":"","meta":{"_seopress_robots_primary_cat":"","_seopress_titles_title":"","_seopress_titles_desc":"","_seopress_robots_index":"","_genesis_hide_title":false,"_genesis_hide_breadcrumbs":false,"_genesis_hide_singular_image":false,"_genesis_hide_footer_widgets":false,"_genesis_custom_body_class":"","_genesis_custom_post_class":"","_genesis_layout":"","footnotes":""},"class_list":{"0":"post-1506","1":"page","2":"type-page","3":"status-publish","5":"entry"},"_links":{"self":[{"href":"https:\/\/www.hotelpalarine.com\/fr\/wp-json\/wp\/v2\/pages\/1506","targetHints":{"allow":["GET"]}}],"collection":[{"href":"https:\/\/www.hotelpalarine.com\/fr\/wp-json\/wp\/v2\/pages"}],"about":[{"href":"https:\/\/www.hotelpalarine.com\/fr\/wp-json\/wp\/v2\/types\/page"}],"author":[{"embeddable":true,"href":"https:\/\/www.hotelpalarine.com\/fr\/wp-json\/wp\/v2\/users\/2"}],"replies":[{"embeddable":true,"href":"https:\/\/www.hotelpalarine.com\/fr\/wp-json\/wp\/v2\/comments?post=1506"}],"version-history":[{"count":5,"href":"https:\/\/www.hotelpalarine.com\/fr\/wp-json\/wp\/v2\/pages\/1506\/revisions"}],"predecessor-version":[{"id":1593,"href":"https:\/\/www.hotelpalarine.com\/fr\/wp-json\/wp\/v2\/pages\/1506\/revisions\/1593"}],"wp:attachment":[{"href":"https:\/\/www.hotelpalarine.com\/fr\/wp-json\/wp\/v2\/media?parent=1506"}],"curies":[{"name":"wp","href":"https:\/\/api.w.org\/{rel}","templated":true}]}}