{"id":1310,"date":"2022-07-04T15:20:30","date_gmt":"2022-07-04T13:20:30","guid":{"rendered":"https:\/\/www.hotelpalarine.com\/informations-pour-les-invites\/"},"modified":"2022-12-13T13:27:36","modified_gmt":"2022-12-13T12:27:36","slug":"informations-pour-les-invites","status":"publish","type":"page","link":"https:\/\/www.hotelpalarine.com\/fr\/informations-pour-les-invites\/","title":{"rendered":"Informations pour les clients"},"content":{"rendered":"\n\n\t\t<h3>A Warm Welcome to Hotel Palarine<\/h3>\t\t\n\t\t\t<p>Dear Guest<\/p>\n<p>On behalf of all of us here at Hotel Palarine, we would like to thank you for choosing to stay with us and wish you a very warm welcome. We will do our utmost to make your stay with us as pleasant and comfortable as possible.<\/p>\n<p>Below you will find essential information about the hotel and our facilities. Please ask if there is anything you need.<\/p>\n<p>In Andorra there is something for everyone from beautiful historical monuments, cultural events, tax free shopping and an ample array of sporting activities. We are happy to suggest and help you to organise outings, all easily accessible form the hotel.<\/p>\n<p>We wish you a pleasant and memorable stay in Andorra at Hotel Palarine.<\/p>\n<p>Yours sincerely<\/p>\n<p>Graham and Maria<\/p>\n\t\t\t<a href=\"#\" id=\"fl-accordion--label-0\" tabindex=\"0\" aria-controls=\"fl-accordion--panel-0\">Bar<\/a>\n\t\t\t\t\t\t\t<a href=\"#\" id=\"fl-accordion--icon-0\" tabindex=\"0\" aria-controls=\"fl-accordion--panel-0\"><i>Expand<\/i><\/a>\n\t\t<p>Our cosy bar is open to guests for drinks and <a href=\"https:\/\/www.hotelpalarine.com\/fr\/restaurant\/\">oriental tapas<\/a>. During the winter season we offer regular entertainment in the evenings. Summer is chill &#8211; relax on our sunny terrace with a cool beer and a tasty <a href=\"https:\/\/www.hotelpalarine.com\/fr\/restaurant\/\">oriental tapas<\/a> or enjoy the vibe inside.<\/p>\n<p>Check our <a href=\"https:\/\/www.hotelpalarine.com\/fr\/contact\/\">contact page<\/a> for opening hours or ask at reception.<\/p>\n\t\t\t<a href=\"#\" id=\"fl-accordion--label-1\" tabindex=\"0\" aria-controls=\"fl-accordion--panel-1\">Restaurant<\/a>\n\t\t\t\t\t\t\t<a href=\"#\" id=\"fl-accordion--icon-1\" tabindex=\"0\" aria-controls=\"fl-accordion--panel-1\"><i>Expand<\/i><\/a>\n\t\t<p><img loading=\"lazy\" decoding=\"async\" src=\"https:\/\/www.hotelpalarine.com\/wp-content\/uploads\/2020\/12\/Bamboo-Oriental-Restaurant-Logo-300x300.png\" alt=\"Bamboo Oriental Restaurant\" width=\"98\" height=\"98\" \/><\/p>\n<p>Our Bambu Oriental Restaurant is famous for fresh, vibrant asian fusion cuisine. Offering a range of oriental tapas, \u00c0 La Carte and our popular themed buffets (season depending). See our <a href=\"https:\/\/www.hotelpalarine.com\/fr\/restaurant\/\">restaurant page<\/a> for more details including menus.<\/p>\n<p>Check our <a href=\"https:\/\/www.hotelpalarine.com\/fr\/contact\/\">contact page<\/a> for opening hours or ask at reception.<\/p>\n<p>&nbsp;<\/p>\n<p><img loading=\"lazy\" decoding=\"async\" src=\"https:\/\/www.hotelpalarine.com\/wp-content\/uploads\/2020\/12\/authority-logos-no1-chinese-food-300x66.png\" alt=\"No. 1 Chinese Food in Andorra\" width=\"245\" height=\"54\" \/><\/p>\n\t\t\t<a href=\"#\" id=\"fl-accordion--label-2\" tabindex=\"0\" aria-controls=\"fl-accordion--panel-2\">Room Service<\/a>\n\t\t\t\t\t\t\t<a href=\"#\" id=\"fl-accordion--icon-2\" tabindex=\"0\" aria-controls=\"fl-accordion--panel-2\"><i>Expand<\/i><\/a>\n\t\t<p>Guests may order breakfast to be served in the room.\u00a0This service should be ordered at reception before 9pm on the previous evening.<\/p>\n<p>Our \u00c0 La Carte <a href=\"https:\/\/www.hotelpalarine.com\/fr\/restaurant\/\">menu<\/a> is also available to order as Room Service.<\/p>\n<p>A supplement of \u20ac15 per person will be added to your room bill for breakfast or room service. Alternatively you are welcome to wander down and collect your order in-person without supplement.<\/p>\n<p>&nbsp;<\/p>\n<p><img loading=\"lazy\" decoding=\"async\" src=\"https:\/\/www.hotelpalarine.com\/wp-content\/uploads\/2020\/12\/authority-logos-no1-chinese-food-300x66.png\" alt=\"No. 1 Chinese Food in Andorra\" width=\"245\" height=\"54\" \/><\/p>\n\t\t\t<a href=\"#\" id=\"fl-accordion--label-3\" tabindex=\"0\" aria-controls=\"fl-accordion--panel-3\">Entrance and Night Access<\/a>\n\t\t\t\t\t\t\t<a href=\"#\" id=\"fl-accordion--icon-3\" tabindex=\"0\" aria-controls=\"fl-accordion--panel-3\"><i>Expand<\/i><\/a>\n\t\t<p>The main entrance door to the hotel is locked at night and during quiet periods. When the front entrance is locked, please access the hotel using the side door with the 4digit code you were given when you checked in.<\/p>\n\t\t\t<a href=\"#\" id=\"fl-accordion--label-4\" tabindex=\"0\" aria-controls=\"fl-accordion--panel-4\">Ski and Bike Storage<\/a>\n\t\t\t\t\t\t\t<a href=\"#\" id=\"fl-accordion--icon-4\" tabindex=\"0\" aria-controls=\"fl-accordion--panel-4\"><i>Expand<\/i><\/a>\n\t\t<p>Guests have free use of the ski room and garage for bike storage, located in the basement of the hotel. Please ask reception for access.<\/p>\n<p>Thank you for not wearing your ski boots inside the hotel and please do not take your bike to the bedroom.<\/p>\n\t\t\t<a href=\"#\" id=\"fl-accordion--label-5\" tabindex=\"0\" aria-controls=\"fl-accordion--panel-5\">WiFi<\/a>\n\t\t\t\t\t\t\t<a href=\"#\" id=\"fl-accordion--icon-5\" tabindex=\"0\" aria-controls=\"fl-accordion--panel-5\"><i>Expand<\/i><\/a>\n\t\t<p>The hotel enjoys super fast wifi in all areas including rooms.<\/p>\n<p>Please join <strong>HotelResidents\u00a0<\/strong>&#8211; the code is available from the bar or reception.<\/p>\n\t\t\t<a href=\"#\" id=\"fl-accordion--label-6\" tabindex=\"0\" aria-controls=\"fl-accordion--panel-6\">Noise<\/a>\n\t\t\t\t\t\t\t<a href=\"#\" id=\"fl-accordion--icon-6\" tabindex=\"0\" aria-controls=\"fl-accordion--panel-6\"><i>Expand<\/i><\/a>\n\t\t<p>Please respect your fellow guests particularly when arriving back late or departing early by keeping noise levels to a minimum. Loud music is not permitted in rooms.<\/p>\n\t\t\t<a href=\"#\" id=\"fl-accordion--label-7\" tabindex=\"0\" aria-controls=\"fl-accordion--panel-7\">Smoking<\/a>\n\t\t\t\t\t\t\t<a href=\"#\" id=\"fl-accordion--icon-7\" tabindex=\"0\" aria-controls=\"fl-accordion--panel-7\"><i>Expand<\/i><\/a>\n\t\t<p>We do not allow smoking anywhere inside the hotel including bedrooms.<\/p>\n\t\t\t<a href=\"#\" id=\"fl-accordion--label-8\" tabindex=\"0\" aria-controls=\"fl-accordion--panel-8\">Pets<\/a>\n\t\t\t\t\t\t\t<a href=\"#\" id=\"fl-accordion--icon-8\" tabindex=\"0\" aria-controls=\"fl-accordion--panel-8\"><i>Expand<\/i><\/a>\n\t\t<p>Unfortunately we do not accept pets anywhere within the hotel.<\/p>\n\t\t\t<a href=\"#\" id=\"fl-accordion--label-9\" tabindex=\"0\" aria-controls=\"fl-accordion--panel-9\">Telephone<\/a>\n\t\t\t\t\t\t\t<a href=\"#\" id=\"fl-accordion--icon-9\" tabindex=\"0\" aria-controls=\"fl-accordion--panel-9\"><i>Expand<\/i><\/a>\n\t\t<p>To call reception dial 9<\/p>\n<p>&nbsp;<\/p>\n\t\t\t<a href=\"#\" id=\"fl-accordion--label-10\" tabindex=\"0\" aria-controls=\"fl-accordion--panel-10\">Wake up Calls<\/a>\n\t\t\t\t\t\t\t<a href=\"#\" id=\"fl-accordion--icon-10\" tabindex=\"0\" aria-controls=\"fl-accordion--panel-10\"><i>Expand<\/i><\/a>\n\t\t<p>You can have an automated personal alarm call. Please lift the handset on your bedroom phone and dial 60 followed by the time of call requested in 24 hour format (example 0735). Wait for beeps and hang up.<\/p>\n\t\t\t<a href=\"#\" id=\"fl-accordion--label-11\" tabindex=\"0\" aria-controls=\"fl-accordion--panel-11\">International Sockets<\/a>\n\t\t\t\t\t\t\t<a href=\"#\" id=\"fl-accordion--icon-11\" tabindex=\"0\" aria-controls=\"fl-accordion--panel-11\"><i>Expand<\/i><\/a>\n\t\t<p>All rooms have 2 sets of bedside international sockets with USB 2.0 ports for charging your devices.<\/p>\n\t\t\t<a href=\"#\" id=\"fl-accordion--label-12\" tabindex=\"0\" aria-controls=\"fl-accordion--panel-12\">Picnic Packs<\/a>\n\t\t\t\t\t\t\t<a href=\"#\" id=\"fl-accordion--icon-12\" tabindex=\"0\" aria-controls=\"fl-accordion--panel-12\"><i>Expand<\/i><\/a>\n\t\t<p>We can offer a tasty picnic lunch for your early start or a family adventure in the mountains. Please order before 21:00 the day before.<\/p>\n\t\t\t<a href=\"#\" id=\"fl-accordion--label-13\" tabindex=\"0\" aria-controls=\"fl-accordion--panel-13\">Transport<\/a>\n\t\t\t\t\t\t\t<a href=\"#\" id=\"fl-accordion--icon-13\" tabindex=\"0\" aria-controls=\"fl-accordion--panel-13\"><i>Expand<\/i><\/a>\n\t\t<h3>Public Buses<\/h3>\n<p>During the winter a ski bus operates and stops outside the hotel &#8211; please check the notice board for times.<\/p>\n<p>The national bus website is https:\/\/bus.ad\/ &#8211; the Palarine is on the L5 route (<a href=\"https:\/\/bus.ad\/linia-andorra-arinsal\/\">timetable<\/a>) and the bus stop is 50 metres away.<\/p>\n<h3>Hotel Minibus<\/h3>\n<p>The hotel minibus is available most days shuttling guests to Arinsal and La Massana. During the winter and depending on snow conditions and guest demand we often drive guests to Granvalira from time to time.<\/p>\n<p>Please check at reception for timings.<\/p>\n<h3>Taxis<\/h3>\n<p>We are happy to order a taxi for you although taxis in Andorra will not allow reservations. You can also order a taxi via <a href=\"https:\/\/cityxerpa.com\/\">CitiXerpa&rsquo;s app<\/a>.<\/p>\n<h3>Airport Transfers<\/h3>\n<p>Regular coaches run between the main airports and Andorra National Bus Station.<\/p>\n<ul>\n<li><a href=\"https:\/\/www.andorrabybus.com\/en\">Andbus<\/a> (pick up and drop off to hotel &#8211; specify at time of booking)<\/li>\n<li><a href=\"https:\/\/www.andorradirectbus.es\/en\">Direct Bus<\/a><\/li>\n<li><a href=\"https:\/\/www.alsa.com\/en\/web\/bus\/home\">Alsa<\/a><\/li>\n<\/ul>\n<p>&nbsp;<\/p>\n\t\t\t<a href=\"#\" id=\"fl-accordion--label-14\" tabindex=\"0\" aria-controls=\"fl-accordion--panel-14\">Checkin and Checkout<\/a>\n\t\t\t\t\t\t\t<a href=\"#\" id=\"fl-accordion--icon-14\" tabindex=\"0\" aria-controls=\"fl-accordion--panel-14\"><i>Expand<\/i><\/a>\n\t\t<p>Check in: after 16:00 and before 22:00<\/p>\n<p>Check out: before 12:00<\/p>\n<p>If you need an early or late checkin, please let us know and we&rsquo;ll do our best to accommodate your request.<\/p>\n\n","protected":false},"excerpt":{"rendered":"<p>A Warm Welcome to Hotel Palarine Dear Guest On behalf of all of us here at Hotel Palarine, we would like to thank you for choosing to stay with us and wish you a very warm welcome. We will do our utmost to make your stay with us as pleasant and comfortable as possible. Below [&hellip;]<\/p>\n","protected":false},"author":4,"featured_media":0,"parent":0,"menu_order":0,"comment_status":"closed","ping_status":"closed","template":"","meta":{"_seopress_robots_primary_cat":"","_seopress_titles_title":"Informations pour les clients","_seopress_titles_desc":"Tout ce que vous devez savoir pour votre s\u00e9jour \u00e0 l'H\u00f4tel Palarine","_seopress_robots_index":"","_genesis_hide_title":false,"_genesis_hide_breadcrumbs":false,"_genesis_hide_singular_image":false,"_genesis_hide_footer_widgets":false,"_genesis_custom_body_class":"","_genesis_custom_post_class":"","_genesis_layout":"","footnotes":""},"class_list":{"0":"post-1310","1":"page","2":"type-page","3":"status-publish","5":"entry"},"_links":{"self":[{"href":"https:\/\/www.hotelpalarine.com\/fr\/wp-json\/wp\/v2\/pages\/1310","targetHints":{"allow":["GET"]}}],"collection":[{"href":"https:\/\/www.hotelpalarine.com\/fr\/wp-json\/wp\/v2\/pages"}],"about":[{"href":"https:\/\/www.hotelpalarine.com\/fr\/wp-json\/wp\/v2\/types\/page"}],"author":[{"embeddable":true,"href":"https:\/\/www.hotelpalarine.com\/fr\/wp-json\/wp\/v2\/users\/4"}],"replies":[{"embeddable":true,"href":"https:\/\/www.hotelpalarine.com\/fr\/wp-json\/wp\/v2\/comments?post=1310"}],"version-history":[{"count":13,"href":"https:\/\/www.hotelpalarine.com\/fr\/wp-json\/wp\/v2\/pages\/1310\/revisions"}],"predecessor-version":[{"id":1624,"href":"https:\/\/www.hotelpalarine.com\/fr\/wp-json\/wp\/v2\/pages\/1310\/revisions\/1624"}],"wp:attachment":[{"href":"https:\/\/www.hotelpalarine.com\/fr\/wp-json\/wp\/v2\/media?parent=1310"}],"curies":[{"name":"wp","href":"https:\/\/api.w.org\/{rel}","templated":true}]}}