{"id":1273,"date":"2020-12-16T19:15:49","date_gmt":"2020-12-16T18:15:49","guid":{"rendered":"https:\/\/www.hotelpalarine.com\/contact\/"},"modified":"2024-03-30T14:00:58","modified_gmt":"2024-03-30T13:00:58","slug":"contact","status":"publish","type":"page","link":"https:\/\/www.hotelpalarine.com\/fr\/contact\/","title":{"rendered":"Contact"},"content":{"rendered":"\n\n<h3>\n\t\tCONTACTEZ-NOUS\n\t<\/h3>\n\t<h3>Horaires d&rsquo;ouverture du restaurant<\/h3>\n\t<h4>Petit-d\u00e9jeuner Palarine.<\/h4>\n<p><strong>Le matin<\/strong>: 7h45 &#8211; 10h00<\/p>\n\t<h4>Buffet th\u00e9matique<\/h4>\n<h4><strong>D\u00e9jeuner buffet du dimanche :<\/strong> 13h30 &#8211; 15h30<\/h4>\n\t<h4>\u00c0 la carte et \u00e0 emporter<\/h4>\n<strong>Mercredi &#8211; Jeudi<\/strong> : 18h30 &#8211; 22h30<br \/>\n<strong>Vendredi &#8211; Samedi<\/strong> : 18h30 &#8211; 23h00<br \/>\n<strong>Dimanche<\/strong> : 13h30 &#8211; 15h30 et 19h30 \u00e0 22h30\n\t\t\t<h3>ENVOYER UN MESSAGE<\/h3>\n\t\t\n                            <h3>Contact Form<\/h3>\n                            \n                        <form method='post' enctype='multipart\/form-data' target='gform_ajax_frame_1' id='gform_1'  action='\/fr\/?page_id=1273&#038;fl_builder#gf_1' data-formid='1' novalidate>\n                        <ul id='gform_fields_1' class='gform_fields top_label form_sublabel_below description_below'><li id=\"field_1_1\"  data-js-reload=\"field_1_1\"><label class='gfield_label gform-field-label' for='input_1_1'>Name*<\/label><input name='input_1' id='input_1_1' type='text' value='' class='medium'   tabindex='100'  aria-required=\"true\" aria-invalid=\"false\"   \/> <\/li><li id=\"field_1_2\"  data-js-reload=\"field_1_2\"><label class='gfield_label gform-field-label' for='input_1_2'>Email*<\/label>\n                            <input name='input_2' id='input_1_2' type='email' value='' class='medium' tabindex='101'   aria-required=\"true\" aria-invalid=\"false\"  \/>\n                        <\/li><li id=\"field_1_4\"  data-js-reload=\"field_1_4\"><label class='gfield_label gform-field-label'>Are you making a booking?*<\/label><ul class='gfield_radio' id='input_1_4'>\n\t\t\t<li class='gchoice gchoice_1_4_0'>\n\t\t\t\t<input name='input_4' type='radio' value='Yes'  id='choice_1_4_0' tabindex='102'   \/>\n\t\t\t\t<label for='choice_1_4_0' id='label_1_4_0' class='gform-field-label gform-field-label--type-inline'>Yes<\/label>\n\t\t\t<\/li>\n\t\t\t<li class='gchoice gchoice_1_4_1'>\n\t\t\t\t<input name='input_4' type='radio' value='No'  id='choice_1_4_1' tabindex='103'   \/>\n\t\t\t\t<label for='choice_1_4_1' id='label_1_4_1' class='gform-field-label gform-field-label--type-inline'>No<\/label>\n\t\t\t<\/li><\/ul><\/li><li id=\"field_1_5\"  data-js-reload=\"field_1_5\"><label class='gfield_label gform-field-label' for='input_1_5'>Date*<\/label>\n                            <input name='input_5' id='input_1_5' type='text' value='' class='datepicker gform-datepicker mdy datepicker_no_icon gdatepicker-no-icon' tabindex='104'  placeholder='mm\/jj\/aaaa' aria-describedby=\"input_1_5_date_format\" aria-invalid=\"false\" aria-required=\"true\"\/>\n                            MM slash JJ slash AAAA\n                        <input type='hidden' id='gforms_calendar_icon_input_1_5' class='gform_hidden' value='https:\/\/www.hotelpalarine.com\/wp-content\/plugins\/gravityforms\/images\/datepicker\/datepicker.svg'\/><\/li><li id=\"field_1_6\"  data-js-reload=\"field_1_6\"><label class='gfield_label gform-field-label gfield_label_before_complex'>Time*<\/label>\n                            <input type='number' maxlength='2' name='input_6[]' id='input_1_6_1' value='' tabindex='105' min='0' max='12' step='1'  placeholder='HH' aria-required='true'   \/> <i>:<\/i>\n                            <label class='gform-field-label gform-field-label--type-sub hour_label screen-reader-text' for='input_1_6_1'>Heures<\/label>\n                            <input type='number' maxlength='2' name='input_6[]' id='input_1_6_2' value='' tabindex='106' min='0' max='59' step='1'  placeholder='MM' aria-required='true'  \/>\n                            <label class='gform-field-label gform-field-label--type-sub minute_label screen-reader-text' for='input_1_6_2'>Minutes<\/label>\n                                <select name='input_6[]' id='input_1_6_3' tabindex='107'>\n                                    <option value='am'>AM<\/option>\n                                    <option value='pm'>PM<\/option>\n                                <\/select> \n                                <label class='gform-field-label gform-field-label--type-sub am_pm_label screen-reader-text' for='input_1_6_3'>AM\/PM<\/label>                                \n                    <\/li><li id=\"field_1_7\"  data-js-reload=\"field_1_7\"><label class='gfield_label gform-field-label' for='input_1_7'>Number of People*<\/label><input name='input_7' id='input_1_7' type='number' step='any' min='1' max='100' value='' class='medium' tabindex='108'    aria-required=\"true\" aria-invalid=\"false\" aria-describedby=\"gfield_instruction_1_7\" \/>Veuillez saisir un nombre entre <strong>1<\/strong> et <strong>100<\/strong>.<\/li><li id=\"field_1_3\"  data-js-reload=\"field_1_3\"><label class='gfield_label gform-field-label' for='input_1_3'>Message*<\/label><textarea name='input_3' id='input_1_3' class='textarea medium' tabindex='109'    aria-required=\"true\" aria-invalid=\"false\"   rows='10' cols='50'><\/textarea><\/li><li id=\"field_1_10\"  data-js-reload=\"field_1_10\"><label class='gfield_label gform-field-label'>Receive menu and event updates?*<\/label>Stay informed of future events and menu updates. Unsubscribe any time. <ul class='gfield_radio' id='input_1_10'>\n\t\t\t<li class='gchoice gchoice_1_10_0'>\n\t\t\t\t<input name='input_10' type='radio' value='Yes'  id='choice_1_10_0' tabindex='110'   \/>\n\t\t\t\t<label for='choice_1_10_0' id='label_1_10_0' class='gform-field-label gform-field-label--type-inline'>Yes<\/label>\n\t\t\t<\/li>\n\t\t\t<li class='gchoice gchoice_1_10_1'>\n\t\t\t\t<input name='input_10' type='radio' value='No'  id='choice_1_10_1' tabindex='111'   \/>\n\t\t\t\t<label for='choice_1_10_1' id='label_1_10_1' class='gform-field-label gform-field-label--type-inline'>No<\/label>\n\t\t\t<\/li><\/ul><\/li><li id=\"field_1_12\"  data-js-reload=\"field_1_12\"><label class='gfield_label gform-field-label'>Preferred language for email updates*<\/label><ul class='gfield_radio' id='input_1_12'>\n\t\t\t<li class='gchoice gchoice_1_12_0'>\n\t\t\t\t<input name='input_12' type='radio' value='Catalan'  id='choice_1_12_0' tabindex='112'   \/>\n\t\t\t\t<label for='choice_1_12_0' id='label_1_12_0' class='gform-field-label gform-field-label--type-inline'>Catalan<\/label>\n\t\t\t<\/li>\n\t\t\t<li class='gchoice gchoice_1_12_1'>\n\t\t\t\t<input name='input_12' type='radio' value='English'  id='choice_1_12_1' tabindex='113'   \/>\n\t\t\t\t<label for='choice_1_12_1' id='label_1_12_1' class='gform-field-label gform-field-label--type-inline'>English<\/label>\n\t\t\t<\/li><\/ul><\/li><li id=\"field_1_13\"  data-js-reload=\"field_1_13\"><label class='gfield_label gform-field-label' for='input_1_13'>Email<\/label><input name='input_13' id='input_1_13' type='text' value='' autocomplete='new-password'\/>Ce champ n&rsquo;est utilis\u00e9 qu&rsquo;\u00e0 des fins de validation et devrait rester inchang\u00e9.<\/li><\/ul>\n         <input type='submit' id='gform_submit_button_1' class='gform_button button' value='Submit' tabindex='114' onclick='if(window[\"gf_submitting_1\"]){return false;}  if( !jQuery(\"#gform_1\")[0].checkValidity || jQuery(\"#gform_1\")[0].checkValidity()){window[\"gf_submitting_1\"]=true;}  ' onkeypress='if( event.keyCode == 13 ){ if(window[\"gf_submitting_1\"]){return false;} if( !jQuery(\"#gform_1\")[0].checkValidity || jQuery(\"#gform_1\")[0].checkValidity()){window[\"gf_submitting_1\"]=true;}  jQuery(\"#gform_1\").trigger(\"submit\",[true]); }' \/> <input type='hidden' name='gform_ajax' value='form_id=1&amp;title=1&amp;description=1&amp;tabindex=100&amp;theme=legacy' \/>\n            <input type='hidden' class='gform_hidden' name='is_submit_1' value='1' \/>\n            <input type='hidden' class='gform_hidden' name='gform_submit' value='1' \/>\n            <input type='hidden' class='gform_hidden' name='gform_unique_id' value='' \/>\n            <input type='hidden' class='gform_hidden' name='state_1' value='WyJ7XCIxMFwiOltcIjViNjRjZWZjYWZmN2ZhMmExZGEwNzA4ODNhMWU2MzRhXCIsXCIyNTRkYzNhYzU5NzYxYzQyZTJiZWE1NzI3YTFjMjM1MlwiXSxcIjEyXCI6W1wiZmNjMDk0YTNkY2VlOGY1ZDI0MTk5YjcwYTA3NjZlZjVcIixcIjMzNDU0OTNmNTYwY2RkOWMzYmE3MGRjYTc0NDk4MWUwXCJdfSIsImU2OWQwZGQyYjE0NDczMTllZDBkMTAwMTJhYTQ1NDJlIl0=' \/>\n            <input type='hidden' class='gform_hidden' name='gform_target_page_number_1' id='gform_target_page_number_1' value='0' \/>\n            <input type='hidden' class='gform_hidden' name='gform_source_page_number_1' id='gform_source_page_number_1' value='1' \/>\n            <input type='hidden' name='gform_field_values' value='' \/>\n                        <label>&#916;<textarea name=\"ak_hp_textarea\" cols=\"45\" rows=\"8\" maxlength=\"100\"><\/textarea><\/label><input type=\"hidden\" id=\"ak_js_1\" name=\"ak_js\" value=\"134\"\/><\/form>\n\t\t                <iframe style='display:none;width:0px;height:0px;' src='about:blank' name='gform_ajax_frame_1' id='gform_ajax_frame_1' title='Cette iframe contient la logique n\u00e9cessaire pour manipuler Gravity Forms avec Ajax.'><\/iframe>\n\t<iframe loading=\"lazy\" src=\"https:\/\/www.google.com\/maps\/embed?pb=!1m18!1m12!1m3!1d2948.9187144511857!2d1.4953754292667907!3d42.561317859849005!2m3!1f0!2f0!3f0!3m2!1i1024!2i768!4f13.1!3m3!1m2!1s0x12af5fbdfc44142d%3A0x7d0e7ec92bc4d6b0!2sHotel%20Palarine!5e0!3m2!1sen!2sph!4v1608578669468!5m2!1sen!2sph\" width=\"100%\" height=\"500\" frameborder=\"0\" allowfullscreen=\"\" aria-hidden=\"false\" tabindex=\"0\"><\/iframe>\n\n","protected":false},"excerpt":{"rendered":"<p>CONTACTEZ-NOUS Horaires d&rsquo;ouverture du restaurant Petit-d\u00e9jeuner Palarine. Le matin: 7h45 &#8211; 10h00 Buffet th\u00e9matique D\u00e9jeuner buffet du dimanche : 13h30 &#8211; 15h30 \u00c0 la carte et \u00e0 emporter Mercredi &#8211; Jeudi : 18h30 &#8211; 22h30 Vendredi &#8211; Samedi : 18h30 &#8211; 23h00 Dimanche : 13h30 &#8211; 15h30 et 19h30 \u00e0 22h30 ENVOYER UN MESSAGE Contact [&hellip;]<\/p>\n","protected":false},"author":2,"featured_media":0,"parent":0,"menu_order":0,"comment_status":"closed","ping_status":"closed","template":"","meta":{"_seopress_robots_primary_cat":"","_seopress_titles_title":"","_seopress_titles_desc":"","_seopress_robots_index":"","_genesis_hide_title":false,"_genesis_hide_breadcrumbs":false,"_genesis_hide_singular_image":false,"_genesis_hide_footer_widgets":false,"_genesis_custom_body_class":"","_genesis_custom_post_class":"","_genesis_layout":"","footnotes":""},"class_list":{"0":"post-1273","1":"page","2":"type-page","3":"status-publish","5":"entry"},"_links":{"self":[{"href":"https:\/\/www.hotelpalarine.com\/fr\/wp-json\/wp\/v2\/pages\/1273","targetHints":{"allow":["GET"]}}],"collection":[{"href":"https:\/\/www.hotelpalarine.com\/fr\/wp-json\/wp\/v2\/pages"}],"about":[{"href":"https:\/\/www.hotelpalarine.com\/fr\/wp-json\/wp\/v2\/types\/page"}],"author":[{"embeddable":true,"href":"https:\/\/www.hotelpalarine.com\/fr\/wp-json\/wp\/v2\/users\/2"}],"replies":[{"embeddable":true,"href":"https:\/\/www.hotelpalarine.com\/fr\/wp-json\/wp\/v2\/comments?post=1273"}],"version-history":[{"count":3,"href":"https:\/\/www.hotelpalarine.com\/fr\/wp-json\/wp\/v2\/pages\/1273\/revisions"}],"predecessor-version":[{"id":1766,"href":"https:\/\/www.hotelpalarine.com\/fr\/wp-json\/wp\/v2\/pages\/1273\/revisions\/1766"}],"wp:attachment":[{"href":"https:\/\/www.hotelpalarine.com\/fr\/wp-json\/wp\/v2\/media?parent=1273"}],"curies":[{"name":"wp","href":"https:\/\/api.w.org\/{rel}","templated":true}]}}