{"id":1261,"date":"2020-12-16T19:15:29","date_gmt":"2020-12-16T18:15:29","guid":{"rendered":"https:\/\/www.hotelpalarine.com\/restaurant\/"},"modified":"2024-03-30T13:51:21","modified_gmt":"2024-03-30T12:51:21","slug":"restaurant","status":"publish","type":"page","link":"https:\/\/www.hotelpalarine.com\/fr\/restaurant\/","title":{"rendered":"Restaurant"},"content":{"rendered":"\n\n\t\t\t\t<img loading=\"lazy\" decoding=\"async\" src=\"https:\/\/www.hotelpalarine.com\/wp-content\/uploads\/2020\/12\/Bamboo-Oriental-Restaurant-Logo-300x300.png\" alt=\"Bamboo Oriental Restaurant\" itemprop=\"image\" height=\"300\" width=\"300\" title=\"Bamboo Oriental Restaurant\" onerror=\"this.style.display='none'\"  \/>\n<h1>\n\t\tBambu Restaurant oriental\n\t<\/h1>\n\tHoraires d&rsquo;ouverture<br \/>\nMercredi &#8211; samedi : 19h30 &#8211; 22h30<br \/>\nD\u00e9jeuner du dimanche : 13h30 &#8211; 15h30\n\n\t\t\t<a href=\"https:\/\/www.hotelpalarine.com\/fr\/contact\/\" target=\"_self\" rel=\"noopener\">\n\t\t\t\t\t\t\tR\u00e9server une table ou commander \u00e0 emporter\n\t\t\t\t\t<\/a>\n\n<h2>\n\t\tNOTRE MENU\n\t<\/h2>\n\t<a href=\"https:\/\/drive.protectedservice.net\/s\/DfWQBp32pb4sZga\" target=\"_blank\" rel=\"noopener\">Anglais<\/a><br \/>\n<a href=\"https:\/\/drive.protectedservice.net\/s\/aTxKArSPfpeg7AA\" target=\"_blank\" rel=\"noopener\">Catalan<\/a><br \/>\n<a href=\"https:\/\/drive.protectedservice.net\/s\/FxTmrTfsyEYFYmN\" target=\"_blank\" rel=\"noopener\">Espagnol<\/a><br \/>\n<a href=\"https:\/\/drive.protectedservice.net\/s\/Tf2YsJLogbSZLYT\" target=\"_blank\" rel=\"noopener\">Fran\u00e7ais<\/a>\n\t<h3>BAMBU \u00c0 LA CARTE<\/h3>\n<p>R\u00e9put\u00e9 pour sa cuisine fusion asiatique faite maison et pleine de peps, l&rsquo;h\u00f4tel accueille des clients de toute l&rsquo;Andorre pour son menu \u00e0 la carte. Tous les plats sont fra\u00eechement cuisin\u00e9s \u00e0 la commande et nos recettes sont authentiques.<\/p>\n<p><strong>Les gens qui ne r\u00e9sident pas \u00e0 l&rsquo;h\u00f4tel sont les bienvenus.<\/strong><\/p>\n<p>&nbsp;<\/p>\n<p><img loading=\"lazy\" decoding=\"async\" src=\"https:\/\/www.hotelpalarine.com\/wp-content\/uploads\/2020\/12\/authority-logos-no1-chinese-food-300x66.png\" alt=\"N\u00b01 de la restauration chinoise en Andorre\" width=\"300\" height=\"66\"\/><\/p>\n\t\t\t\t<img loading=\"lazy\" decoding=\"async\" src=\"https:\/\/www.hotelpalarine.com\/wp-content\/uploads\/2022\/07\/restaurant-sharing-1-600x526.jpeg\" alt=\"A la carte asian fusion cuisine\" itemprop=\"image\" height=\"526\" width=\"600\" title=\"A la carte asian fusion cuisine\" onerror=\"this.style.display='none'\"  \/>\n\t\t\t\t<img loading=\"lazy\" decoding=\"async\" src=\"https:\/\/www.hotelpalarine.com\/wp-content\/uploads\/2020\/12\/The-Palarine-Breakfast.png\" alt=\"The Palarine Breakfast\" itemprop=\"image\" height=\"387\" width=\"560\" title=\"The Palarine Breakfast\" onerror=\"this.style.display='none'\"  \/>\n\t<h3>LE PETIT D\u00c9JEUNER PALARINE<\/h3>\n<p>Pr\u00e9parez-vous pour une bonne journ\u00e9e de sports d&rsquo;hiver avec le l\u00e9gendaire petit-d\u00e9jeuner Palarine.<\/p>\n<p>Notre petit-d\u00e9jeuner sp\u00e9cial pour les athl\u00e8tes est disponible pendant les \u00e9v\u00e9nements sp\u00e9ciaux de la saison estivale.<\/p>\n<p>Les gens qui ne r\u00e9sident pas \u00e0 l&rsquo;h\u00f4tel sont les bienvenus mais sur r\u00e9servation uniquement.<\/p>\n<ul>\n<li>\u00c0 partir de 12 \u20ac.<\/li>\n<li>4,5% IGI inclus<\/li>\n<\/ul>\n\t<h3>BUFFET \u00c0 VOLONT\u00c9<\/h3>\n<p>Pendant la saison d&rsquo;hiver, de 19h \u00e0 21h tous les soirs et jusqu&rsquo;\u00e0 22h les jeudis et vendredis soirs.<\/p>\n<p>Les gens qui ne r\u00e9sident pas \u00e0 l&rsquo;h\u00f4tel sont les bienvenus <strong>mais r\u00e9servation pr\u00e9f\u00e9rable.<\/strong><\/p>\n<ul>\n<li>Buffet \u00e0 volont\u00e9 pour 24 \u20ac<\/li>\n<li>Enfants de 4 \u00e0 10 ans : 15 \u20ac<\/li>\n<li>4,5% IGI inclus<\/li>\n<\/ul>\n\t\t\t\t<img loading=\"lazy\" decoding=\"async\" src=\"https:\/\/www.hotelpalarine.com\/wp-content\/uploads\/2022\/07\/Asian-Buffet-01b.jpg\" alt=\"Oriental Buffet\" itemprop=\"image\" height=\"741\" width=\"650\" title=\"Oriental Buffet\" onerror=\"this.style.display='none'\"  \/>\n\t\t\t\t<img loading=\"lazy\" decoding=\"async\" src=\"https:\/\/www.hotelpalarine.com\/wp-content\/uploads\/2020\/12\/Thursday-Party-Night.png\" alt=\"Thursday Party Night\" itemprop=\"image\" height=\"387\" width=\"560\" title=\"Thursday Party Night\" onerror=\"this.style.display='none'\"  \/>\n\t<h3>LE JEUDI EST UNE SOIR\u00c9E DE F\u00caTE<\/h3>\n<p>Musique en live au bar et notre l\u00e9gendaire buffet oriental au restaurant Bambu.<\/p>\n<p><strong>Tous les jeudis pendant la saison d&rsquo;hiver<\/strong><\/p>\n<ul>\n<li>Buffet \u00e0 volont\u00e9 pour 24 \u20ac<\/li>\n<li>Enfants de 4 \u00e0 10 ans : 15 \u20ac<\/li>\n<li>4,5% IGI inclus<\/li>\n<\/ul>\n\t<h3>VENDREDI: SOIR\u00c9E CURRY<\/h3>\n<p>Tous les vendredis pendant la saison d&rsquo;hiver et certains vendredis hors saison &#8211; <a href=\"https:\/\/www.hotelpalarine.com\/fr\/sabonner-aux-mises-a-jour-du-menu-et-aux-evenements\/\">inscrivez-vous pour recevoir des mises \u00e0 jour<\/a>.<\/p>\n<p>Tous vos plats indiens favoris, y compris poulet Tikka Masala, b\u0153uf Madras, agneau Jalfrezi, saumon Tandoori, riz Pilau, oignons Bhajis, Samosas, pain Nan, Saag Aloo, Tarka Dal, Poppadums et Chutneys, et plus encore&#8230;<\/p>\n<ul>\n<li>Buffet \u00e0 volont\u00e9 pour 24 \u20ac<\/li>\n<li>Enfants de 4 \u00e0 10 ans : 15 \u20ac<\/li>\n<li>4,5% IGI inclus<\/li>\n<\/ul>\n\t\t\t\t<img loading=\"lazy\" decoding=\"async\" src=\"https:\/\/www.hotelpalarine.com\/wp-content\/uploads\/2022\/07\/Indian-702x526.jpg\" alt=\"Indian curry\" itemprop=\"image\" height=\"526\" width=\"702\" title=\"Indian\" onerror=\"this.style.display='none'\"  \/>\n\t\t\t\t<img loading=\"lazy\" decoding=\"async\" src=\"https:\/\/www.hotelpalarine.com\/wp-content\/uploads\/2022\/07\/SundayRoast4b.jpeg\" alt=\"Sunday Roast\" itemprop=\"image\" height=\"602\" width=\"600\" title=\"SundayRoast4b\" onerror=\"this.style.display='none'\"  \/>\n\t<h3>SUNDAY LUNCH ROAST<\/h3>\n<p>Rejoignez-nous pour un d\u00e9jeuner traditionnel anglais \u00ab\u00a0Sunday Roast\u00a0\u00bb tous les dimanches pendant la saison d&rsquo;hiver et certains dimanches hors saison &#8211; <a href=\"https:\/\/www.hotelpalarine.com\/fr\/sabonner-aux-mises-a-jour-du-menu-et-aux-evenements\/\">inscrivez-vous pour recevoir des mises \u00e0 jour<\/a>.<\/p>\n<p>Le l\u00e9gendaire rosbif de Graham, cuit lentement toute la nuit, fond dans la bouche. Un succulent r\u00f4ti de porc \u00e0 la peau croustillante. Yorkshire puddings l\u00e9gers et moelleux. Les parfaites pommes de terre r\u00f4ties. Du Gravy maison \u00e0 profusion et beaucoup de l\u00e9gumes fra\u00eechement cuisin\u00e9s. Sans oublier les entr\u00e9es et les desserts inclus \u00e9galement&#8230;<\/p>\n<ul>\n<li>Buffet \u00e0 volont\u00e9 pour 24 \u20ac<\/li>\n<li>Enfants de 4 \u00e0 10 ans : 15 \u20ac<\/li>\n<li>4,5% IGI inclus<\/li>\n<\/ul>\n\t<h3>D\u00c9JEUNER PIQUE-NIQUE<\/h3>\n<p>Nous pouvons vous proposer un savoureux d\u00e9jeuner pique-nique pour votre d\u00e9part matinal ou une aventure en famille dans les montagnes.<\/p>\n<p>Veuillez commander avant 21h00 la veille.<\/p>\n<ul>\n<li>\u00c0 partir de 12 \u20ac par personne<\/li>\n<li>4,5% IGI inclus<\/li>\n<\/ul>\n\t\t\t\t<img loading=\"lazy\" decoding=\"async\" src=\"https:\/\/www.hotelpalarine.com\/wp-content\/uploads\/2022\/07\/IMG_7614-300x241.jpeg\" alt=\"Picnic Lunch for Hikes\" itemprop=\"image\" height=\"241\" width=\"300\" title=\"Picnic Lunch for Hikes\" onerror=\"this.style.display='none'\"  \/>\n\n","protected":false},"excerpt":{"rendered":"<p>Bambu Restaurant oriental Horaires d&rsquo;ouverture Mercredi &#8211; samedi : 19h30 &#8211; 22h30 D\u00e9jeuner du dimanche : 13h30 &#8211; 15h30 R\u00e9server une table ou commander \u00e0 emporter NOTRE MENU Anglais Catalan Espagnol Fran\u00e7ais BAMBU \u00c0 LA CARTE R\u00e9put\u00e9 pour sa cuisine fusion asiatique faite maison et pleine de peps, l&rsquo;h\u00f4tel accueille des clients de toute l&rsquo;Andorre [&hellip;]<\/p>\n","protected":false},"author":2,"featured_media":0,"parent":0,"menu_order":0,"comment_status":"closed","ping_status":"closed","template":"","meta":{"_seopress_robots_primary_cat":"","_seopress_titles_title":"","_seopress_titles_desc":"","_seopress_robots_index":"","_genesis_hide_title":false,"_genesis_hide_breadcrumbs":false,"_genesis_hide_singular_image":false,"_genesis_hide_footer_widgets":false,"_genesis_custom_body_class":"","_genesis_custom_post_class":"","_genesis_layout":"","footnotes":""},"class_list":{"0":"post-1261","1":"page","2":"type-page","3":"status-publish","5":"entry"},"_links":{"self":[{"href":"https:\/\/www.hotelpalarine.com\/fr\/wp-json\/wp\/v2\/pages\/1261","targetHints":{"allow":["GET"]}}],"collection":[{"href":"https:\/\/www.hotelpalarine.com\/fr\/wp-json\/wp\/v2\/pages"}],"about":[{"href":"https:\/\/www.hotelpalarine.com\/fr\/wp-json\/wp\/v2\/types\/page"}],"author":[{"embeddable":true,"href":"https:\/\/www.hotelpalarine.com\/fr\/wp-json\/wp\/v2\/users\/2"}],"replies":[{"embeddable":true,"href":"https:\/\/www.hotelpalarine.com\/fr\/wp-json\/wp\/v2\/comments?post=1261"}],"version-history":[{"count":4,"href":"https:\/\/www.hotelpalarine.com\/fr\/wp-json\/wp\/v2\/pages\/1261\/revisions"}],"predecessor-version":[{"id":1760,"href":"https:\/\/www.hotelpalarine.com\/fr\/wp-json\/wp\/v2\/pages\/1261\/revisions\/1760"}],"wp:attachment":[{"href":"https:\/\/www.hotelpalarine.com\/fr\/wp-json\/wp\/v2\/media?parent=1261"}],"curies":[{"name":"wp","href":"https:\/\/api.w.org\/{rel}","templated":true}]}}