{"id":1504,"date":"2022-07-11T10:02:08","date_gmt":"2022-07-11T08:02:08","guid":{"rendered":"https:\/\/www.hotelpalarine.com\/?page_id=1504"},"modified":"2022-11-15T10:58:54","modified_gmt":"2022-11-15T09:58:54","slug":"inicio","status":"publish","type":"page","link":"https:\/\/www.hotelpalarine.com\/es\/","title":{"rendered":"Inicio"},"content":{"rendered":"\n<h2>\n\t\tSu base en el coraz\u00f3n de Andorra\n\t<\/h2>\n<h1>\n\t\tHOTEL PALARINE\n\t<\/h1>\n\t\t\t<a href=\"https:\/\/direct-book.com\/properties\/hotelpalarinedirect\" target=\"_blank\" role=\"button\" rel=\"noopener\">\n\t\t\t\t\t\t\tOBTENGA LA MEJOR TARIFA &#8211; RESERVE DIRECTAMENTE\n\t\t\t\t\t<\/a>\n\t\t\t\t<img loading=\"lazy\" decoding=\"async\" src=\"https:\/\/www.hotelpalarine.com\/wp-content\/uploads\/2022\/10\/2022-tripvisor.png\" alt=\"2022 tripvisor\" itemprop=\"image\" height=\"120\" width=\"100\" title=\"2022 tripvisor\" onerror=\"this.style.display='none'\">\n\t\t\t\t<img loading=\"lazy\" decoding=\"async\" src=\"https:\/\/www.hotelpalarine.com\/wp-content\/uploads\/2020\/12\/authority-logos-bookingdotcom.png\" alt=\"Booking.com - Very Good Rate\" itemprop=\"image\" height=\"101\" width=\"323\" title=\"authority-logos-bookingdotcom\" onerror=\"this.style.display='none'\">\n\t\t\t\t<img loading=\"lazy\" decoding=\"async\" src=\"https:\/\/www.hotelpalarine.com\/wp-content\/uploads\/2020\/12\/authority-logos-no1-chinese-food.png\" alt=\"No. 1 Chinese Food in Andorra\" itemprop=\"image\" height=\"72\" width=\"326\" title=\"authority-logos-no1-chinese-food\" onerror=\"this.style.display='none'\">\n\t<h2>Nuestras habitaciones<\/h2>\n<p>Todas nuestras amplias habitaciones dobles, triples y cu\u00e1druples, recientemente renovadas, son accesibles en ascensor y ofrecen impresionantes vistas a la monta\u00f1a y al r\u00edo.<\/p>\n\t\t\t\t<a href=\"https:\/\/www.hotelpalarine.com\/es\/?page_id=1220\" target=\"_self\" itemprop=\"url\" rel=\"noopener\">\n\t\t\t\t<img loading=\"lazy\" decoding=\"async\" src=\"https:\/\/www.hotelpalarine.com\/wp-content\/uploads\/2020\/12\/Double-Twin-Rooms-Image.png\" alt=\"Double\/Twin Rooms\" itemprop=\"image\" height=\"450\" width=\"279\" title=\"Double\/Twin Rooms\" onerror=\"this.style.display='none'\">\n\t\t\t\t<\/a>\n\t\t\t\t<a href=\"https:\/\/www.hotelpalarine.com\/es\/?page_id=1220\" target=\"_self\" itemprop=\"url\" rel=\"noopener\">\n\t\t\t\t<img loading=\"lazy\" decoding=\"async\" src=\"https:\/\/www.hotelpalarine.com\/wp-content\/uploads\/2020\/12\/Triple-Rooms-Image.png\" alt=\"Triple Rooms\" itemprop=\"image\" height=\"450\" width=\"279\" title=\"Triple Rooms\" onerror=\"this.style.display='none'\">\n\t\t\t\t<\/a>\n\t\t\t\t<a href=\"https:\/\/www.hotelpalarine.com\/es\/?page_id=1220\" target=\"_self\" itemprop=\"url\" rel=\"noopener\">\n\t\t\t\t<img loading=\"lazy\" decoding=\"async\" src=\"https:\/\/www.hotelpalarine.com\/wp-content\/uploads\/2020\/12\/Quad-Rooms-Image.png\" alt=\"Quad Rooms\" itemprop=\"image\" height=\"450\" width=\"279\" title=\"Quad Rooms\" onerror=\"this.style.display='none'\">\n\t\t\t\t<\/a>\n<h2>\n\t\tNUESTRAS CARACTER\u00cdSTICAS\n\t<\/h2>\n\t\t\t\t<a href=\"https:\/\/www.hotelpalarine.com\/es\/?page_id=1235\" target=\"_self\" itemprop=\"url\" rel=\"noopener\">\n\t\t\t\t<img loading=\"lazy\" decoding=\"async\" src=\"https:\/\/www.hotelpalarine.com\/wp-content\/uploads\/2020\/12\/Our-Features-Bar.png\" alt=\"Bar\" itemprop=\"image\" height=\"187\" width=\"280\" title=\"Bar\" onerror=\"this.style.display='none'\">\n\t\t\t\t<\/a>\n\t\tBar\n\t\t\t\t<a href=\"https:\/\/www.hotelpalarine.com\/es\/?page_id=1235\" target=\"_self\" itemprop=\"url\" rel=\"noopener\">\n\t\t\t\t<img loading=\"lazy\" decoding=\"async\" src=\"https:\/\/www.hotelpalarine.com\/wp-content\/uploads\/2021\/01\/Our-Features-Super-Fast-Wifi.png\" alt=\"Super Fast Wifi\" itemprop=\"image\" height=\"187\" width=\"280\" title=\"Super Fast Wifi\" onerror=\"this.style.display='none'\">\n\t\t\t\t<\/a>\n\t\tSuper Fast Wifi\n\t\t\t\t<a href=\"https:\/\/www.hotelpalarine.com\/es\/?page_id=1235\" target=\"_self\" itemprop=\"url\" rel=\"noopener\">\n\t\t\t\t<img loading=\"lazy\" decoding=\"async\" src=\"https:\/\/www.hotelpalarine.com\/wp-content\/uploads\/2020\/12\/Our-Features-Garden.png\" alt=\"Garden\" itemprop=\"image\" height=\"187\" width=\"280\" title=\"Gardenes-Garden\" onerror=\"this.style.display='none'\">\n\t\t\t\t<\/a>\n\t\tGarden\n\t\t\t\t<a href=\"https:\/\/www.hotelpalarine.com\/es\/?page_id=1235\" target=\"_self\" itemprop=\"url\" rel=\"noopener\">\n\t\t\t\t<img loading=\"lazy\" decoding=\"async\" src=\"https:\/\/www.hotelpalarine.com\/wp-content\/uploads\/2020\/12\/Our-Features-Garage.png\" alt=\"Garage\" itemprop=\"image\" height=\"187\" width=\"280\" title=\"Garage\" onerror=\"this.style.display='none'\">\n\t\t\t\t<\/a>\n\t\tGarage\n<h2>\n\t\tEXPLORA ANDORRA\n\t<\/h2>\n\t\t\t\t<a href=\"https:\/\/www.hotelpalarine.com\/es\/explore\/\" target=\"_self\" itemprop=\"url\" rel=\"noopener\">\n\t\t\t\t<img loading=\"lazy\" decoding=\"async\" src=\"https:\/\/www.hotelpalarine.com\/wp-content\/uploads\/2021\/01\/Explore-Winter-Sports.png\" alt=\"Winter Sports\" itemprop=\"image\" height=\"295\" width=\"290\" title=\"Winter Sports\" onerror=\"this.style.display='none'\">\n\t\t\t\t<\/a>\n\t\t\t\t<a href=\"https:\/\/www.hotelpalarine.com\/es\/explore\/\" target=\"_self\" itemprop=\"url\" rel=\"noopener\">\n\t\t\t\t<img loading=\"lazy\" decoding=\"async\" src=\"https:\/\/www.hotelpalarine.com\/wp-content\/uploads\/2021\/01\/Explore-Cycling.png\" alt=\"Cycling\/Mountain Biking\" itemprop=\"image\" height=\"295\" width=\"290\" title=\"Cycling\/Mountain Biking\" onerror=\"this.style.display='none'\">\n\t\t\t\t<\/a>\n\t\t\t\t<a href=\"https:\/\/www.hotelpalarine.com\/es\/explore\/\" target=\"_self\" itemprop=\"url\" rel=\"noopener\">\n\t\t\t\t<img loading=\"lazy\" decoding=\"async\" src=\"https:\/\/www.hotelpalarine.com\/wp-content\/uploads\/2021\/01\/Explore-Motorcycling.png\" alt=\"Motorcycling\" itemprop=\"image\" height=\"295\" width=\"290\" title=\"Motorcycling\" onerror=\"this.style.display='none'\">\n\t\t\t\t<\/a>\n\t\t\t\t<a href=\"https:\/\/www.hotelpalarine.com\/es\/explore\/\" target=\"_self\" itemprop=\"url\" rel=\"noopener\">\n\t\t\t\t<img loading=\"lazy\" decoding=\"async\" src=\"https:\/\/www.hotelpalarine.com\/wp-content\/uploads\/2021\/01\/Explore-Hiking.png\" alt=\"Hiking\" itemprop=\"image\" height=\"295\" width=\"290\" title=\"Hiking\" onerror=\"this.style.display='none'\">\n\t\t\t\t<\/a>\n\t\t\t\t<a href=\"https:\/\/www.hotelpalarine.com\/es\/explore\/\" target=\"_self\" itemprop=\"url\" rel=\"noopener\">\n\t\t\t\t<img loading=\"lazy\" decoding=\"async\" src=\"https:\/\/www.hotelpalarine.com\/wp-content\/uploads\/2021\/01\/Explore-Shopping.png\" alt=\"Shopping\" itemprop=\"image\" height=\"295\" width=\"290\" title=\"Shopping\" onerror=\"this.style.display='none'\">\n\t\t\t\t<\/a>\n\t\t\t\t<a href=\"https:\/\/www.hotelpalarine.com\/es\/explore\/\" target=\"_self\" itemprop=\"url\" rel=\"noopener\">\n\t\t\t\t<img loading=\"lazy\" decoding=\"async\" src=\"https:\/\/www.hotelpalarine.com\/wp-content\/uploads\/2021\/01\/Explore-Gastronomy.png\" alt=\"Gastronomy\" itemprop=\"image\" height=\"295\" width=\"290\" title=\"Gastronomy\" onerror=\"this.style.display='none'\">\n\t\t\t\t<\/a>\n\t\t\t\t<a href=\"https:\/\/www.hotelpalarine.com\/es\/explore\/\" target=\"_self\" itemprop=\"url\" rel=\"noopener\">\n\t\t\t\t<img loading=\"lazy\" decoding=\"async\" src=\"https:\/\/www.hotelpalarine.com\/wp-content\/uploads\/2021\/01\/Explore-Wellness.png\" alt=\"Wellness\" itemprop=\"image\" height=\"295\" width=\"290\" title=\"Wellness\" onerror=\"this.style.display='none'\">\n\t\t\t\t<\/a>\n\t\t\t\t<a href=\"https:\/\/www.hotelpalarine.com\/es\/explore\/\" target=\"_self\" itemprop=\"url\" rel=\"noopener\">\n\t\t\t\t<img loading=\"lazy\" decoding=\"async\" src=\"https:\/\/www.hotelpalarine.com\/wp-content\/uploads\/2021\/01\/Explore-Families.png\" alt=\"Families\" itemprop=\"image\" height=\"295\" width=\"290\" title=\"Families\" onerror=\"this.style.display='none'\">\n\t\t\t\t<\/a>\n<h2>\n\t\tRESTAURANTE ORIENTAL BAMBU\n\t<\/h2>\n\t\t\t\t<a href=\"#\" target=\"_self\" itemprop=\"url\" rel=\"noopener\">\n\t\t\t\t<img loading=\"lazy\" decoding=\"async\" src=\"https:\/\/www.hotelpalarine.com\/wp-content\/uploads\/2020\/12\/Restaurant-Breakfast.png\" alt=\"Breakfast\" itemprop=\"image\" height=\"300\" width=\"288\" title=\"Breakfast\" onerror=\"this.style.display='none'\">\n\t\t\t\t<\/a>\n\t\t\t\t<a href=\"#\" target=\"_self\" itemprop=\"url\" rel=\"noopener\">\n\t\t\t\t<img loading=\"lazy\" decoding=\"async\" src=\"https:\/\/www.hotelpalarine.com\/wp-content\/uploads\/2020\/12\/Restaurant-Dinner-Buffet.png\" alt=\"Dinner Buffet\" itemprop=\"image\" height=\"300\" width=\"288\" title=\"Dinner Buffet\" onerror=\"this.style.display='none'\">\n\t\t\t\t<\/a>\n\t\t\t\t<a href=\"#\" target=\"_self\" itemprop=\"url\" rel=\"noopener\">\n\t\t\t\t<img loading=\"lazy\" decoding=\"async\" src=\"https:\/\/www.hotelpalarine.com\/wp-content\/uploads\/2020\/12\/Restaurant-A-La-Carte.png\" alt=\"\u00c0 LA CARTE\" itemprop=\"image\" height=\"300\" width=\"288\" title=\"\u00c0 LA CARTE\" onerror=\"this.style.display='none'\">\n\t\t\t\t<\/a>\n\t\t\t\t<a href=\"#\" target=\"_self\" itemprop=\"url\" rel=\"noopener\">\n\t\t\t\t<img loading=\"lazy\" decoding=\"async\" src=\"https:\/\/www.hotelpalarine.com\/wp-content\/uploads\/2020\/12\/Restaurant-Takeaway.png\" alt=\"Takeaway\" itemprop=\"image\" height=\"300\" width=\"288\" title=\"Takeaway\" onerror=\"this.style.display='none'\">\n\t\t\t\t<\/a>\n\t\t\t\t\t\t\t<img decoding=\"async\" src=\"https:\/\/www.hotelpalarine.com\/wp-content\/uploads\/2020\/12\/David-J-Testimonial.png\" alt=\"David J\">\n\t\t\t\t\t\t\t\t\t\t\t\t\t\t\t\t\t\t\t<strong>Lo mejor<\/strong><br>\n<em>5\u00aa vez en este hotel, venimos con amigos ya que nos encanta el mountain bike aqu\u00ed, realmente un gran lugar, los propietarios super amable, buena comida, me gusta mucho la ubicaci\u00f3n, encantador para caminar desde aqu\u00ed alrededor por las monta\u00f1as. 5 estrellas de parte m\u00eda !<\/em>\n\t\t\t\t\t\t\t\t\t\t\t\t\t\t\t\t\t<h3>&#8211; David J<\/h3>\n\t\t\t\t\t\t\t<img decoding=\"async\" src=\"https:\/\/www.hotelpalarine.com\/wp-content\/uploads\/2020\/12\/David-J-Testimonial.png\" alt=\"David J\">\n\t\t\t\t\t\t\t\t\t\t\t\t\t\t\t\t\t\t\t<strong>Qu\u00e9 joya<\/strong><br>\n<em>Paramos aqu\u00ed en el hotel Palarine en nuestro camino hacia Espa\u00f1a. Vaya, qu\u00e9 gran hallazgo. Personal amable habitaciones muy limpias y est\u00e1 situado en un entorno pintoresco. Como era pleno verano, hac\u00eda mucho calor, as\u00ed que fue un placer pasear por los alrededores. El restaurante chino de la casa era absolutamente hermoso. La comida estaba deliciosa y a buen precio.<br>\nSin embargo, volver\u00edamos a parar all\u00ed en nuestro camino, pero tal vez nos quedar\u00edamos m\u00e1s tiempo.<\/em>\n\t\t\t\t\t\t\t\t\t\t\t\t\t\t\t\t\t<h3>&#8211; tonyxr4<\/h3>\n\t\t\t\t\t\t\t<img decoding=\"async\" src=\"https:\/\/www.hotelpalarine.com\/wp-content\/uploads\/2020\/12\/David-J-Testimonial.png\" alt=\"David J\">\n\t\t\t\t\t\t\t\t\t\t\t\t\t\t\t\t\t\t\t<strong>El mejor buffet chino que he tenido la suerte de visitar<\/strong><br>\n<em>Uno s\u00f3lo se puede comer una cantidad determinada, por lo que la calidad de la comida debe ser excepcional cuando se elige una experiencia de buffet. El buffet chino del Hotel Palarine\/ Bambu ofrece una comida de calidad, variada, nutritiva y deliciosa en un ambiente acogedor y familiar. Personalmente, disfrut\u00e9 de los Ribs, el sushi y el pato pekin\u00e9s. Aseg\u00farese de ir con mucho hambre, ya que querr\u00e1 probarlo todo. \u00a1Relaci\u00f3n calidad-precio total, no te vayas de Andorra sin probarlo !<\/em>\n\t\t\t\t\t\t\t\t\t\t\t\t\t\t\t\t\t<h3>&#8211; CLC<\/h3>\n\t\t\t\t\t\t\t<img decoding=\"async\" src=\"https:\/\/www.hotelpalarine.com\/wp-content\/uploads\/2020\/12\/David-J-Testimonial.png\" alt=\"David J\">\n\t\t\t\t\t\t\t\t\t\t\t\t\t\t\t\t\t\t\t<strong>\u00a1Una gran semana en el Palarine!<\/strong><br>\n<em>Acabamos de pasar una semana estupenda en el Hotel Palarine.<br>\nLimpio, c\u00f3modo, c\u00e1lido y sociable, y la comida es incre\u00edble.<br>\nEl autob\u00fas gratuito para esquiadores fue estupendo: facilit\u00f3 el acceso al telecabina de Pal o Arinsal en pocos minutos.<br>\nGracias Mar\u00eda, Graham y el equipo<\/em>.\n\t\t\t\t\t\t\t\t\t\t\t\t\t\t\t\t\t<h3>&#8211; Taloo69<\/h3>\n\t\t\t\t\t\t\t<img decoding=\"async\" src=\"https:\/\/www.hotelpalarine.com\/wp-content\/uploads\/2020\/12\/David-J-Testimonial.png\" alt=\"David J\">\n\t\t\t\t\t\t\t\t\t\t\t\t\t\t\t\t\t\t\t<strong>D\u00edos m\u00edo !<\/strong><br><em>Esta es la mejor comida dominical en la que he puesto mi lengua.<br>\nTienes que probarlo !<br>\nBueno, qu\u00e9 m\u00e1s puedo decir. Vine aqu\u00ed para pasar un buen rato, y pas\u00e9 un rato riqu\u00edsimo<br>\n10\/10<br>\nMenci\u00f3n de honor para la salsa Gravy sin gluten.<\/em>!\n\t\t\t\t\t\t\t\t\t\t\t\t\t\t\t\t\t<h3>&#8211; Kyle L<\/h3>\n\t\t\t\t<!-- \/.pp-testimonials -->\n","protected":false},"excerpt":{"rendered":"<p>Su base en el coraz\u00f3n de Andorra HOTEL PALARINE OBTENGA LA MEJOR TARIFA &#8211; RESERVE DIRECTAMENTE Nuestras habitaciones Todas nuestras amplias habitaciones dobles, triples y cu\u00e1druples, recientemente renovadas, son accesibles en ascensor y ofrecen impresionantes vistas a la monta\u00f1a y al r\u00edo. NUESTRAS CARACTER\u00cdSTICAS Bar Super Fast Wifi Garden Garage EXPLORA ANDORRA RESTAURANTE ORIENTAL BAMBU [&hellip;]<\/p>\n","protected":false},"author":2,"featured_media":0,"parent":0,"menu_order":0,"comment_status":"closed","ping_status":"closed","template":"","meta":{"_seopress_robots_primary_cat":"","_seopress_titles_title":"","_seopress_titles_desc":"","_seopress_robots_index":"","_genesis_hide_title":false,"_genesis_hide_breadcrumbs":false,"_genesis_hide_singular_image":false,"_genesis_hide_footer_widgets":false,"_genesis_custom_body_class":"","_genesis_custom_post_class":"","_genesis_layout":"","footnotes":""},"class_list":{"0":"post-1504","1":"page","2":"type-page","3":"status-publish","5":"entry"},"_links":{"self":[{"href":"https:\/\/www.hotelpalarine.com\/es\/wp-json\/wp\/v2\/pages\/1504","targetHints":{"allow":["GET"]}}],"collection":[{"href":"https:\/\/www.hotelpalarine.com\/es\/wp-json\/wp\/v2\/pages"}],"about":[{"href":"https:\/\/www.hotelpalarine.com\/es\/wp-json\/wp\/v2\/types\/page"}],"author":[{"embeddable":true,"href":"https:\/\/www.hotelpalarine.com\/es\/wp-json\/wp\/v2\/users\/2"}],"replies":[{"embeddable":true,"href":"https:\/\/www.hotelpalarine.com\/es\/wp-json\/wp\/v2\/comments?post=1504"}],"version-history":[{"count":6,"href":"https:\/\/www.hotelpalarine.com\/es\/wp-json\/wp\/v2\/pages\/1504\/revisions"}],"predecessor-version":[{"id":1599,"href":"https:\/\/www.hotelpalarine.com\/es\/wp-json\/wp\/v2\/pages\/1504\/revisions\/1599"}],"wp:attachment":[{"href":"https:\/\/www.hotelpalarine.com\/es\/wp-json\/wp\/v2\/media?parent=1504"}],"curies":[{"name":"wp","href":"https:\/\/api.w.org\/{rel}","templated":true}]}}