{"id":1209,"date":"2023-03-14T07:53:04","date_gmt":"2023-03-14T06:53:04","guid":{"rendered":"https:\/\/www.hotelpalarine.com\/politica-de-privacidad\/"},"modified":"2023-12-13T16:58:03","modified_gmt":"2023-12-13T15:58:03","slug":"terminos","status":"publish","type":"page","link":"https:\/\/www.hotelpalarine.com\/es\/terminos\/","title":{"rendered":"T\u00e9rminos y Pol\u00edtica de privacidad"},"content":{"rendered":"\n\n\t<p>\u00daltima revisi\u00f3n: 13 de Diciembre de 2023<\/p>\n<h2><b>Qui\u00e9nes somos<\/b><\/h2>\n<b>Hostaleria &amp; Qualitat Olimp SL que opera como Hotel Palarine<\/b><strong> NRT<\/strong>: L-705786-U <strong>Registre del comer\u00e7<\/strong>: 918230E <strong>Registrado en Andorra y ubicado en<\/strong>: Carretera General de Arinsal, AD400 Erts Andorra, denominados colectivamente como \u00abHotel Palarine\u00bb, \u00abnosotros\u00bb, \u00abnos\u00bb o \u00abnuestro\u00bb en este aviso de privacidad. <strong>Persona f\u00edsica que explota el negoci<\/strong>: Graham Cuell.<br \/>\n\n<h2>T\u00e9rminos y condiciones<\/h2>\n<p>Los siguientes son los t\u00e9rminos de uso de este sitio web y que rigen su reserva con nosotros.<\/p>\n<p>Las leyes de Andorra rigen regir\u00e1n estos t\u00e9rminos y condiciones.<\/p>\n<p>T\u00e9rminos generales<\/p>\n<ul>\n<li>No fumar en ning\u00fan lugar dentro del hotel.<\/li>\n<li>No se permiten mascotas.<\/li>\n<\/ul>\n<h2>Condiciones de cancelaci\u00f3n<\/h2>\n<ul>\n<li>Sin cargo si cancela antes del d\u00eda de llegada.<\/li>\n<li>Se cobra la primera noche si cancela el d\u00eda de llegada.<\/li>\n<li>Se cobra toda la estancia si no se cancela.<\/li>\n<\/ul>\n<h2>Condiciones de pago<\/h2>\n<p>El pago se realizar\u00e1 a trav\u00e9s de un TPV virtual. Aceptamos las siguientes formas de pago:<\/p>\n<ul>\n<li>Visa<\/li>\n<li>Tarjeta MasterCard<\/li>\n<\/ul>\n<p>Usamos 3D Secure para verificar las transacciones. Los litigios se conocer\u00e1n en los tribunales del Principado de Andorra.<\/p>\n<h2>Pol\u00edtica de Privacidad<\/h2>\n<p><b>El Hotel Palarine se toma muy en serio su privacidad y se compromete a proteger sus datos personales. Este aviso de privacidad le informar\u00e1 sobre c\u00f3mo cuidamos sus datos personales cuando visita uno de nuestros sitios o sistemas web o como Cliente del Hotel Palarine y le informa sobre sus derechos de privacidad y c\u00f3mo le protege la ley.<\/b><\/p>\n<h2><b>Objetivo de este aviso de privacidad<\/b><\/h2>\n<p>Este aviso de privacidad tiene como objetivo proporcionarle informarle sobre c\u00f3mo el Hotel Palarine recoge y procesa sus datos personales a trav\u00e9s de su uso de este sitio web y cualquier otro sitio web relacionado; y mientras usted es un cliente del Hotel Palarine.<\/p>\n<p>Es importante que lea este aviso de privacidad junto con cualquier otro aviso de privacidad o de tratamiento justo que podamos proporcionar en ocasiones espec\u00edficas cuando recojamos o tratemos datos personales sobre usted, para que sea plenamente consciente de c\u00f3mo y por qu\u00e9 utilizamos sus datos. Este aviso de privacidad puede ser referido en un acuerdo, en cuyo caso formar\u00e1 parte de dicho acuerdo.<\/p>\n<h2><b>Controlador<\/b><\/h2>\n<p>El Hotel Palarine es el controlador y responsable de sus datos personales.<\/p>\n<p>Hemos designado a un responsable de la protecci\u00f3n de datos que se encarga de supervisar las cuestiones relacionadas con este aviso de privacidad. Si tiene alguna pregunta sobre este aviso de privacidad, incluyendo cualquier solicitud para ejercer sus derechos legales, por favor <a href=\"https:\/\/hotelpalarine.com\/contact\/\">contacte con nosotros<\/a>.<\/p>\n<p>Si tiene una queja sobre protecci\u00f3n de datos, <a href=\"https:\/\/hotelpalarine.com\/contact\/\">p\u00f3ngase en contacto con nosotros<\/a>.<\/p>\n<h2><b>Cambios en el aviso de privacidad y su obligaci\u00f3n de informarnos de los cambios<\/b><\/h2>\n<p>Esta versi\u00f3n fue actualizada por \u00faltima vez en la fecha mencionada en la parte superior de la p\u00e1gina. Las versiones hist\u00f3ricas pueden obtenerse poni\u00e9ndose en contacto con nosotros. Si usted es un cliente, es importante que los datos personales que tenemos sobre usted sean exactos y est\u00e9n actualizados. Le rogamos que nos mantenga informados si sus datos personales cambian durante su relaci\u00f3n con nosotros.<\/p>\n<h2><b>Enlaces de terceros<\/b><\/h2>\n<p>Nuestros sitios web y sistemas en l\u00ednea pueden incluir enlaces a sitios web, complementos y aplicaciones de terceros. Hacer clic en esos enlaces o activar esas conexiones puede permitir a terceros recoger o compartir datos sobre usted. No controlamos estos sitios web de terceros y no somos responsables de sus declaraciones de privacidad. Cuando abandone nuestro sitio web, le recomendamos que lea el aviso de privacidad de cada sitio web que visite.<\/p>\n<h2><b>El tipo de informaci\u00f3n personal que recogemos<\/b><\/h2>\n<p><b>Identificadores personales<\/b>, contactos y caracter\u00edsticas (por ejemplo, su nombre y datos de contacto).<\/p>\n<p><b>Registros de facturaci\u00f3n<\/b> relacionados con sus reservas.<\/p>\n<p><b>Documentos de identidad <\/b>relacionados con su registro y que tenemos que compartir con las autoridades andorranas por ley.<\/p>\n<p><b>Datos t\u00e9cnicos <\/b>como la direcci\u00f3n del protocolo de Internet (IP) que puede estar asociada a su direcci\u00f3n de correo electr\u00f3nico.<\/p>\n<p><b>Datos de marketing y comunicaci\u00f3n<\/b> que incluye sus preferencias para recibir marketing de nosotros y sus preferencias de comunicaci\u00f3n.<\/p>\n<p>Nuestro personal puede llegar a conocer su fecha de nacimiento durante el curso de nuestra relaci\u00f3n comercial con usted y pueden almacenarla como un recordatorio para poder felicitarle, aunque \u00e9sta no es una pol\u00edtica de la empresa y su fecha de nacimiento no se usar\u00e1 para cualquier otra cosa.<\/p>\n<p>Nosotros <b>no<\/b> recogemos cualquier categor\u00eda especial de datos personales sobre usted (esto incluye detalles sobre su raza o etnia, creencias religiosas o filos\u00f3ficas, vida sexual, orientaci\u00f3n sexual, opiniones pol\u00edticas, afiliaci\u00f3n sindical, informaci\u00f3n sobre su salud y datos gen\u00e9ticos y biom\u00e9tricos). Tampoco recogemos informaci\u00f3n sobre condenas e infracciones penales.<\/p>\n<h2><b>C\u00f3mo obtenemos la informaci\u00f3n personal y porqu\u00e9 la tenemos<\/b><\/h2>\n<p>La mayor parte de la informaci\u00f3n personal que procesamos nos la proporciona usted directamente, por ejemplo, cuando:<\/p>\n<ul>\n<li aria-level=\"1\">Hace una reserva; o<\/li>\n<li aria-level=\"1\">Se registra en el hotel o en l\u00ednea; o<\/li>\n<li aria-level=\"1\">Solicita que se le env\u00ede publicidad; o<\/li>\n<li aria-level=\"1\">Responde a una encuesta; o<\/li>\n<li aria-level=\"1\">Proporciona comentarios.<\/li>\n<\/ul>\n<p>Tambi\u00e9n podemos recibir informaci\u00f3n personal de forma indirecta, de las siguientes fuentes en los siguientes casos:<\/p>\n<ul>\n<li aria-level=\"1\">Su foto de perfil procedente de bases de datos p\u00fablicas como Linkedin o Gravatar.com, que puede ser asociada autom\u00e1ticamente a su registro de contacto por nuestro software de contactos.<\/li>\n<li aria-level=\"1\">Nuestro sistema de registro en l\u00ednea que puede utilizar,<\/li>\n<li aria-level=\"1\">Agencias de viajes en l\u00ednea con las que usted hace una reserva, por ejemplo, booking.com<\/li>\n<li aria-level=\"1\">Si reserva sus vacaciones a trav\u00e9s de un turoperador como TUI<\/li>\n<\/ul>\n<p>Utilizamos su informaci\u00f3n personal para:<\/p>\n<ul>\n<li aria-level=\"1\">Proporcionarle la(s) habitaci\u00f3n(es) de hotel que reserve;<\/li>\n<li aria-level=\"1\">Compartir su informaci\u00f3n con la polic\u00eda andorrana, lo que debemos hacer de acuerdo con la ley;<\/li>\n<li aria-level=\"1\">Informarle sobre su estancia en el hotel;<\/li>\n<li aria-level=\"1\">Enviarle informaci\u00f3n relacionada con el marketing sobre ofertas en el hotel (a la que puede renunciar en cualquier momento);<\/li>\n<li aria-level=\"1\">Cuando sea necesario para nuestros intereses leg\u00edtimos (o los de un tercero) y sus intereses y derechos fundamentales no prevalezcan sobre esos intereses.<\/li>\n<li aria-level=\"1\">Cuando tengamos que cumplir con una obligaci\u00f3n legal o reglamentaria.<\/li>\n<\/ul>\n<p>Por lo general, no nos basamos en el consentimiento como base legal para el tratamiento de sus datos personales, salvo en relaci\u00f3n con el env\u00edo de comunicaciones de marketing directo por correo electr\u00f3nico o mensaje de texto. <\/p>\n<p>Usted tiene derecho a retirar su consentimiento para la comunicaci\u00f3n marketing en cualquier momento, d\u00e1ndose de baja de dicha lista de difusi\u00f3n.<\/p>\n<p>Podemos compartir sus datos personales con las partes indicadas a continuaci\u00f3n para los fines establecidos en la tabla de \u00abC\u00f3mo utilizamos sus datos personales\u00bb:<\/p>\n<ul>\n<li aria-level=\"1\">Personal, contratistas, funcionarios y accionistas del Hotel Palarine;<\/li>\n<li aria-level=\"1\">Proveedores de servicios [acting as processors] que prestan servicios al Hotel Palarine.<\/li>\n<li aria-level=\"1\">Asesores profesionales [acting as processors or joint controllers], incluidos abogados, banqueros, auditores y aseguradores con sede en Andorra o en la UE y el Reino Unido que prestan servicios de consultor\u00eda, bancarios, jur\u00eddicos, de seguros y de contabilidad.<\/li>\n<li aria-level=\"1\">La Agencia Tributaria andorrana, la polic\u00eda, los reguladores y otras autoridades [acting as processors or joint controllers] con sede en Andorra que exigen la notificaci\u00f3n de las actividades de tratamiento en determinadas circunstancias.<\/li>\n<\/ul>\n<p>En la medida de lo posible, todo el procesamiento se lleva a cabo mediante sistemas controlados y alojados en el Hotel Palarine, incluso si el tercero tiene su sede a distancia. En cualquier caso, exigimos a todos los terceros que respeten la seguridad de sus datos personales y los traten de acuerdo con la ley y que mantengan unas condiciones y procesos de privacidad y seguridad al menos tan rigurosos como los nuestros. <\/p>\n<p>De acuerdo con el Reglamento General de Protecci\u00f3n de Datos (GDPR), las bases legales en las que nos basamos para procesar esta informaci\u00f3n son:<\/p>\n<ol>\n<li aria-level=\"1\">Ejecuci\u00f3n del contrato. Significa el tratamiento de sus datos cuando es necesario para la ejecuci\u00f3n de un contrato en el que usted es parte o para tomar medidas a petici\u00f3n suya antes de celebrar dicho contrato.<\/li>\n<li aria-level=\"1\">Inter\u00e9s leg\u00edtimo. Significa el inter\u00e9s de nuestra empresa en dirigir y gestionar nuestro negocio para permitirnos ofrecerle el mejor servicio\/producto y la mejor y m\u00e1s segura experiencia. Nos aseguramos de considerar y equilibrar cualquier impacto potencial sobre usted (tanto positivo como negativo) y sus derechos antes de procesar sus datos personales para nuestros intereses leg\u00edtimos.<\/li>\n<li aria-level=\"1\">Cumplir con una obligaci\u00f3n legal o reglamentaria. Significa el tratamiento de sus datos personales cuando es necesario para el cumplimiento de una obligaci\u00f3n legal o reglamentaria a la que estamos sujetos.<\/li>\n<li aria-level=\"1\">Su consentimiento. Puede eliminar su consentimiento en cualquier momento d\u00e1ndose de baja de cualquier lista de correo a la que se haya unido previamente.<\/li>\n<\/ol>\n<h2><b>Fines para los que utilizaremos sus datos personales<\/b><\/h2>\n<p>A continuaci\u00f3n describimos todas las formas en las que esperamos utilizar sus datos personales y en qu\u00e9 bases legales nos basamos para hacerlo. Tambi\u00e9n hemos identificado cu\u00e1les son nuestros intereses leg\u00edtimos cuando corresponde.<\/p>\n<p>Tenga en cuenta que podemos tratar sus datos personales por m\u00e1s de un motivo legal en funci\u00f3n de la finalidad espec\u00edfica para la que utilicemos sus datos. <a href=\"https:\/\/www.hotelpalarine.com\/es\/contacte-con\/\">P\u00f3ngase en contacto con nosotros<\/a> si necesita detalles sobre el motivo legal espec\u00edfico en el que nos basamos para procesar sus datos personales cuando se ha establecido m\u00e1s de un motivo en la tabla siguiente.<\/p>\n<table>\n<tbody>\n<tr>\n<td><b>Objetivo\/Actividad<\/b><\/td>\n<td><b>Tipo de datos<\/b><\/td>\n<td><b>Base legal para el tratamiento, incluida la base del inter\u00e9s leg\u00edtimo<\/b><\/td>\n<\/tr>\n<tr>\n<td>Realizar nuestros servicios, incluyendo: Gestionar los pagos, las tasas y los cargos; cobrar y recuperar el dinero que se nos debe<\/td>\n<td>Identidad Contacto Transacciones Financieras Marketing y Comunicaciones<\/td>\n<td>Ejecuci\u00f3n de un contrato con usted. Necesario para nuestros intereses leg\u00edtimos (para cobrar las deudas que se nos deben)<\/td>\n<\/tr>\n<tr>\n<td>Para gestionar nuestra relaci\u00f3n con usted, lo que incluye Notificarle los cambios en nuestras condiciones o en la pol\u00edtica de privacidad; pedirle que deje una rese\u00f1a o realice una encuesta<\/td>\n<td>Identidad Contacto Perfil Marketing y Comunicaci\u00f3n<\/td>\n<td>Ejecuci\u00f3n de un contrato con usted. Necesario para cumplir con una obligaci\u00f3n legal. Necesario para nuestros intereses leg\u00edtimos (para mantener nuestros registros actualizados y estudiar c\u00f3mo los clientes utilizan nuestros productos\/servicios)<\/td>\n<\/tr>\n<tr>\n<td>Para permitirle completar una encuesta<\/td>\n<td>Identidad Contacto Perfil Utilizaci\u00f3n Marketing y Comunicaci\u00f3n<\/td>\n<td>Cumplimiento de un contrato con usted Necesario para nuestros intereses leg\u00edtimos (para estudiar c\u00f3mo los clientes utilizan nuestros productos\/servicios, para desarrollarlos y hacer crecer nuestro negocio)<\/td>\n<\/tr>\n<tr>\n<td>Para administrar y proteger nuestro negocio y nuestros sistemas (incluyendo la resoluci\u00f3n de problemas, el an\u00e1lisis de datos, las pruebas, el mantenimiento del sistema, la asistencia, los informes y el alojamiento de datos)<\/td>\n<td>Identidad Contacto Perfil de uso t\u00e9cnico<\/td>\n<td>Necesario para nuestros intereses leg\u00edtimos (para el funcionamiento de nuestra empresa, la prestaci\u00f3n de servicios de administraci\u00f3n e inform\u00e1tica, la seguridad de la red, la prevenci\u00f3n del fraude y en el contexto de una reorganizaci\u00f3n empresarial o de un ejercicio de reestructuraci\u00f3n del grupo) Necesario para cumplir una obligaci\u00f3n legal<\/td>\n<\/tr>\n<tr>\n<td>Hacerle sugerencias y recomendaciones sobre productos o servicios que puedan interesarle<\/td>\n<td>Identidad Contacto Perfil de uso t\u00e9cnico<\/td>\n<td>Necesario para nuestros intereses leg\u00edtimos (desarrollar nuestros productos\/servicios y hacer crecer nuestro negocio)<\/td>\n<\/tr>\n<\/tbody>\n<\/table>\n<h3><b>Comercializaci\u00f3n por parte de terceros<\/b><\/h3>\n<p>Hasta la fecha de hoy, no hemos llevado a cabo ninguna actividad de marketing por parte de terceros. En el improbable caso de que consideremos hacerlo, obtendremos su consentimiento expreso antes de compartir sus datos personales con cualquier empresa ajena al Hotel Palarine o a su grupo inmediato con fines de marketing.<\/p>\n<h3><b>C\u00f3mo excluirse de los mensajes de marketing<\/b><\/h3>\n<p>Puede pedirnos que dejemos de enviarle mensajes de marketing en cualquier momento siguiendo los enlaces de exclusi\u00f3n que aparecen en cualquier mensaje de marketing que le enviemos o poni\u00e9ndose en contacto con nosotros en cualquier momento.<\/p>\n<p>Hay varias notificaciones esenciales que necesitamos enviar para cumplir con nuestras obligaciones de un contrato con usted y usted no puede optar por no recibirlas, aunque puede proporcionar un contacto alternativo.<\/p>\n<h2><b>C\u00f3mo almacenamos su informaci\u00f3n personal<\/b><\/h2>\n<p>Su informaci\u00f3n se almacena de forma segura en nuestra base de datos y sistemas de colaboraci\u00f3n. S\u00f3lo conservaremos sus datos personales durante el tiempo necesario para cumplir con los fines para los que los hemos recogido, incluidos los fines de satisfacer cualquier requisito legal, contable o de informaci\u00f3n.<\/p>\n<p>La informaci\u00f3n contable y de facturaci\u00f3n se almacena en nuestro sistema de contabilidad interno. Si opta por pagar con tarjeta de cr\u00e9dito, su informaci\u00f3n personal se almacenar\u00e1 en redsys, nuestro proveedor de procesamiento de tarjetas de cr\u00e9dito, o si paga a trav\u00e9s de una OTA, \u00e9sta procesar\u00e1 los datos de su tarjeta de cr\u00e9dito. No almacenamos ning\u00fan dato de la tarjeta de cr\u00e9dito. <\/p>\n<h2><b>Conservaci\u00f3n de datos<\/b><\/h2>\n<p>Como principio general, s\u00f3lo conservaremos sus datos personales durante el tiempo necesario para cumplir con los fines para los que los hemos recogido, incluidos los fines de satisfacer cualquier requisito legal, contable o de informaci\u00f3n.<\/p>\n<p>Los datos de su cuenta de cliente se almacenan en nuestro sistema inform\u00e1tico interno de gesti\u00f3n hotelera. Si usted actualiza su informaci\u00f3n en l\u00ednea, o durante el registro, esto tambi\u00e9n se actualizar\u00e1 nuestro sistema interno. <\/p>\n<p>La base de datos principal tiene una copia de seguridad y estas copias de seguridad se encriptan y se transfieren a una ubicaci\u00f3n de almacenamiento de copias de seguridad donde se conservan durante 31 d\u00edas. Conservaremos nuestros registros contables, que tambi\u00e9n pueden contener su informaci\u00f3n personal, durante un per\u00edodo indefinido.<\/p>\n<h2><b>Ejercer sus derechos legales<\/b><\/h2>\n<p>De acuerdo con la ley de protecci\u00f3n de datos, usted tiene derechos como:<\/p>\n<p><b>Su derecho de acceso<\/b> &#8211; Tiene derecho a solicitarnos copias de sus datos personales.<\/p>\n<p><b>Su derecho de rectificaci\u00f3n<\/b> &#8211; Tiene derecho a pedirnos que rectifiquemos los datos personales que considere inexactos. Tambi\u00e9n tiene derecho a pedirnos que completemos la informaci\u00f3n que considera incompleta.<\/p>\n<p><b>Su derecho al borrado<\/b> &#8211; Tiene derecho a pedirnos que borremos sus datos personales en determinadas circunstancias.<\/p>\n<p><b>Su derecho a la restricci\u00f3n del tratamiento<\/b> &#8211; Tiene derecho a pedirnos que suspendamos el tratamiento de sus datos personales en los siguientes casos: (a) si quiere que establezcamos la exactitud de los datos; (b) cuando el uso que hacemos de los datos es ilegal pero usted no quiere que los borremos; (c) cuando necesite que conservemos los datos aunque ya no los necesitemos, ya que los necesita para establecer, ejercer o defender reclamaciones legales; o (d) usted se ha opuesto a que utilicemos sus datos, pero necesitamos verificar si tenemos motivos leg\u00edtimos imperiosos para utilizarlos.<\/p>\n<p><b>Su derecho a oponerse al tratamiento<\/b> &#8211; Tiene derecho a oponerse al tratamiento de sus datos personales en determinadas circunstancias. Cuando nos basamos en un inter\u00e9s leg\u00edtimo (o en los de un tercero) y hay algo en su situaci\u00f3n particular que hace que quiera oponerse al tratamiento por este motivo, ya que considera que afecta a sus derechos y libertades fundamentales. Tambi\u00e9n tiene derecho a oponerse cuando tratemos sus datos personales con fines de marketing directo. En algunos casos, podemos demostrar que tenemos motivos leg\u00edtimos imperiosos para procesar su informaci\u00f3n que prevalecen sobre sus derechos y libertades.<\/p>\n<p><b>Su derecho a la portabilidad de los datos<\/b> &#8211; Tiene derecho a pedir que transfiramos la informaci\u00f3n personal que nos ha proporcionado a otra organizaci\u00f3n, o a usted, en determinadas circunstancias.<\/p>\n<p>Si desea ejercer alguno de los derechos, env\u00edenos un correo electr\u00f3nico utilizando la informaci\u00f3n de contacto de nuestro sitio web. No est\u00e1 obligado a pagar ningun cargo por ejercer sus derechos. Si hace una solicitud, disponemos de un mes para responderle.<\/p>\n\n","protected":false},"excerpt":{"rendered":"<p>\u00daltima revisi\u00f3n: 13 de Diciembre de 2023 Qui\u00e9nes somos Hostaleria &amp; Qualitat Olimp SL que opera como Hotel Palarine NRT: L-705786-U Registre del comer\u00e7: 918230E Registrado en Andorra y ubicado en: Carretera General de Arinsal, AD400 Erts Andorra, denominados colectivamente como \u00abHotel Palarine\u00bb, \u00abnosotros\u00bb, \u00abnos\u00bb o \u00abnuestro\u00bb en este aviso de privacidad. Persona f\u00edsica que [&hellip;]<\/p>\n","protected":false},"author":3,"featured_media":0,"parent":0,"menu_order":0,"comment_status":"closed","ping_status":"closed","template":"","meta":{"_seopress_robots_primary_cat":"","_seopress_titles_title":"","_seopress_titles_desc":"","_seopress_robots_index":"","_genesis_hide_title":false,"_genesis_hide_breadcrumbs":false,"_genesis_hide_singular_image":false,"_genesis_hide_footer_widgets":false,"_genesis_custom_body_class":"","_genesis_custom_post_class":"","_genesis_layout":"","footnotes":""},"class_list":{"0":"post-1209","1":"page","2":"type-page","3":"status-publish","5":"entry"},"_links":{"self":[{"href":"https:\/\/www.hotelpalarine.com\/es\/wp-json\/wp\/v2\/pages\/1209","targetHints":{"allow":["GET"]}}],"collection":[{"href":"https:\/\/www.hotelpalarine.com\/es\/wp-json\/wp\/v2\/pages"}],"about":[{"href":"https:\/\/www.hotelpalarine.com\/es\/wp-json\/wp\/v2\/types\/page"}],"author":[{"embeddable":true,"href":"https:\/\/www.hotelpalarine.com\/es\/wp-json\/wp\/v2\/users\/3"}],"replies":[{"embeddable":true,"href":"https:\/\/www.hotelpalarine.com\/es\/wp-json\/wp\/v2\/comments?post=1209"}],"version-history":[{"count":4,"href":"https:\/\/www.hotelpalarine.com\/es\/wp-json\/wp\/v2\/pages\/1209\/revisions"}],"predecessor-version":[{"id":1748,"href":"https:\/\/www.hotelpalarine.com\/es\/wp-json\/wp\/v2\/pages\/1209\/revisions\/1748"}],"wp:attachment":[{"href":"https:\/\/www.hotelpalarine.com\/es\/wp-json\/wp\/v2\/media?parent=1209"}],"curies":[{"name":"wp","href":"https:\/\/api.w.org\/{rel}","templated":true}]}}