{"id":1500,"date":"2022-07-11T10:02:08","date_gmt":"2022-07-11T08:02:08","guid":{"rendered":"https:\/\/www.hotelpalarine.com\/?page_id=1500"},"modified":"2022-12-12T19:21:35","modified_gmt":"2022-12-12T18:21:35","slug":"inici","status":"publish","type":"page","link":"https:\/\/www.hotelpalarine.com\/ca\/","title":{"rendered":"Inici"},"content":{"rendered":"\n\n<h2>\n\t\tLa teva base al cor d&#8217;Andorra\n\t<\/h2>\n<h1>\n\t\tHOTEL PALARINE\n\t<\/h1>\n\t\t\t<a href=\"https:\/\/direct-book.com\/properties\/hotelpalarinedirect\" target=\"_blank\" role=\"button\" rel=\"noopener\">\n\t\t\t\t\t\t\tOBT\u00c9 LA MILLOR TARIFA &#8211; RESERVA DIRECTE\n\t\t\t\t\t<\/a>\n\t\t\t\t<img loading=\"lazy\" decoding=\"async\" src=\"https:\/\/www.hotelpalarine.com\/wp-content\/uploads\/2022\/10\/2022-tripvisor.png\" alt=\"2022 tripvisor\" itemprop=\"image\" height=\"120\" width=\"100\" title=\"2022 tripvisor\" onerror=\"this.style.display='none'\"  \/>\n\t\t\t\t<img loading=\"lazy\" decoding=\"async\" src=\"https:\/\/www.hotelpalarine.com\/wp-content\/uploads\/2020\/12\/authority-logos-bookingdotcom.png\" alt=\"Booking.com - Very Good Rate\" itemprop=\"image\" height=\"101\" width=\"323\" title=\"authority-logos-bookingdotcom\" onerror=\"this.style.display='none'\"  \/>\n\t\t\t\t<img loading=\"lazy\" decoding=\"async\" src=\"https:\/\/www.hotelpalarine.com\/wp-content\/uploads\/2020\/12\/authority-logos-no1-chinese-food.png\" alt=\"No. 1 Chinese Food in Andorra\" itemprop=\"image\" height=\"72\" width=\"326\" title=\"authority-logos-no1-chinese-food\" onerror=\"this.style.display='none'\"  \/>\n\t<h2>Les nostres habitacions<\/h2>\n<p>Totes les nostres habitacions dobles, triples i qu\u00e0druples, renovades recentment, s\u00f3n accessibles amb ascensor i ofereixen unes vistes impressionants a la muntanya i al riu.<\/p>\n\t\t\t\t<a href=\"https:\/\/www.hotelpalarine.com\/ca\/?page_id=1213\" target=\"_self\" itemprop=\"url\" rel=\"noopener\">\n\t\t\t\t<img loading=\"lazy\" decoding=\"async\" src=\"https:\/\/www.hotelpalarine.com\/wp-content\/uploads\/2020\/12\/Double-Twin-Rooms-Image.png\" alt=\"Double\/Twin Rooms\" itemprop=\"image\" height=\"450\" width=\"279\" title=\"Double\/Twin Rooms\" onerror=\"this.style.display='none'\"  \/>\n\t\t\t\t<\/a>\n\t\t\t\t<a href=\"https:\/\/www.hotelpalarine.com\/ca\/?page_id=1213\" target=\"_self\" itemprop=\"url\" rel=\"noopener\">\n\t\t\t\t<img loading=\"lazy\" decoding=\"async\" src=\"https:\/\/www.hotelpalarine.com\/wp-content\/uploads\/2020\/12\/Triple-Rooms-Image.png\" alt=\"Triple Rooms\" itemprop=\"image\" height=\"450\" width=\"279\" title=\"Triple Rooms\" onerror=\"this.style.display='none'\"  \/>\n\t\t\t\t<\/a>\n\t\t\t\t<a href=\"https:\/\/www.hotelpalarine.com\/ca\/?page_id=1213\" target=\"_self\" itemprop=\"url\" rel=\"noopener\">\n\t\t\t\t<img loading=\"lazy\" decoding=\"async\" src=\"https:\/\/www.hotelpalarine.com\/wp-content\/uploads\/2020\/12\/Quad-Rooms-Image.png\" alt=\"Quad Rooms\" itemprop=\"image\" height=\"450\" width=\"279\" title=\"Quad Rooms\" onerror=\"this.style.display='none'\"  \/>\n\t\t\t\t<\/a>\n<h2>\n\t\tLES NOSTRES CARACTER\u00cdSTIQUES\n\t<\/h2>\n\t\t\t\t<a href=\"https:\/\/www.hotelpalarine.com\/ca\/?page_id=1237\" target=\"_self\" itemprop=\"url\" rel=\"noopener\">\n\t\t\t\t<img loading=\"lazy\" decoding=\"async\" src=\"https:\/\/www.hotelpalarine.com\/wp-content\/uploads\/2020\/12\/Our-Features-Bar.png\" alt=\"Bar\" itemprop=\"image\" height=\"187\" width=\"280\" title=\"Bar\" onerror=\"this.style.display='none'\"  \/>\n\t\t\t\t<\/a>\n\t\tBar\n\t\t\t\t<a href=\"https:\/\/www.hotelpalarine.com\/ca\/?page_id=1237\" target=\"_self\" itemprop=\"url\" rel=\"noopener\">\n\t\t\t\t<img loading=\"lazy\" decoding=\"async\" src=\"https:\/\/www.hotelpalarine.com\/wp-content\/uploads\/2021\/01\/Our-Features-Super-Fast-Wifi.png\" alt=\"Super Fast Wifi\" itemprop=\"image\" height=\"187\" width=\"280\" title=\"Super Fast Wifi\" onerror=\"this.style.display='none'\"  \/>\n\t\t\t\t<\/a>\n\t\tSuper Fast Wifi\n\t\t\t\t<a href=\"https:\/\/www.hotelpalarine.com\/ca\/?page_id=1237\" target=\"_self\" itemprop=\"url\" rel=\"noopener\">\n\t\t\t\t<img loading=\"lazy\" decoding=\"async\" src=\"https:\/\/www.hotelpalarine.com\/wp-content\/uploads\/2020\/12\/Our-Features-Garden.png\" alt=\"Garden\" itemprop=\"image\" height=\"187\" width=\"280\" title=\"Gardenes-Garden\" onerror=\"this.style.display='none'\"  \/>\n\t\t\t\t<\/a>\n\t\tGarden\n\t\t\t\t<a href=\"https:\/\/www.hotelpalarine.com\/ca\/?page_id=1237\" target=\"_self\" itemprop=\"url\" rel=\"noopener\">\n\t\t\t\t<img loading=\"lazy\" decoding=\"async\" src=\"https:\/\/www.hotelpalarine.com\/wp-content\/uploads\/2020\/12\/Our-Features-Garage.png\" alt=\"Garage\" itemprop=\"image\" height=\"187\" width=\"280\" title=\"Garage\" onerror=\"this.style.display='none'\"  \/>\n\t\t\t\t<\/a>\n\t\tGarage\n<h2>\n\t\tEXPLORA ANDORRA\n\t<\/h2>\n\t\t\t\t<a href=\"https:\/\/www.hotelpalarine.com\/ca\/explora\/\" target=\"_self\" itemprop=\"url\" rel=\"noopener\">\n\t\t\t\t<img loading=\"lazy\" decoding=\"async\" src=\"https:\/\/www.hotelpalarine.com\/wp-content\/uploads\/2021\/01\/Explore-Winter-Sports.png\" alt=\"Winter Sports\" itemprop=\"image\" height=\"295\" width=\"290\" title=\"Winter Sports\" onerror=\"this.style.display='none'\"  \/>\n\t\t\t\t<\/a>\n\t\t\t\t<a href=\"https:\/\/www.hotelpalarine.com\/ca\/explora\/\" target=\"_self\" itemprop=\"url\" rel=\"noopener\">\n\t\t\t\t<img loading=\"lazy\" decoding=\"async\" src=\"https:\/\/www.hotelpalarine.com\/wp-content\/uploads\/2021\/01\/Explore-Cycling.png\" alt=\"Cycling\/Mountain Biking\" itemprop=\"image\" height=\"295\" width=\"290\" title=\"Cycling\/Mountain Biking\" onerror=\"this.style.display='none'\"  \/>\n\t\t\t\t<\/a>\n\t\t\t\t<a href=\"https:\/\/www.hotelpalarine.com\/ca\/explora\/\" target=\"_self\" itemprop=\"url\" rel=\"noopener\">\n\t\t\t\t<img loading=\"lazy\" decoding=\"async\" src=\"https:\/\/www.hotelpalarine.com\/wp-content\/uploads\/2021\/01\/Explore-Motorcycling.png\" alt=\"Motorcycling\" itemprop=\"image\" height=\"295\" width=\"290\" title=\"Motorcycling\" onerror=\"this.style.display='none'\"  \/>\n\t\t\t\t<\/a>\n\t\t\t\t<a href=\"https:\/\/www.hotelpalarine.com\/ca\/explora\/\" target=\"_self\" itemprop=\"url\" rel=\"noopener\">\n\t\t\t\t<img loading=\"lazy\" decoding=\"async\" src=\"https:\/\/www.hotelpalarine.com\/wp-content\/uploads\/2021\/01\/Explore-Hiking.png\" alt=\"Hiking\" itemprop=\"image\" height=\"295\" width=\"290\" title=\"Hiking\" onerror=\"this.style.display='none'\"  \/>\n\t\t\t\t<\/a>\n\t\t\t\t<a href=\"https:\/\/www.hotelpalarine.com\/ca\/explora\/\" target=\"_self\" itemprop=\"url\" rel=\"noopener\">\n\t\t\t\t<img loading=\"lazy\" decoding=\"async\" src=\"https:\/\/www.hotelpalarine.com\/wp-content\/uploads\/2021\/01\/Explore-Shopping.png\" alt=\"Shopping\" itemprop=\"image\" height=\"295\" width=\"290\" title=\"Shopping\" onerror=\"this.style.display='none'\"  \/>\n\t\t\t\t<\/a>\n\t\t\t\t<a href=\"https:\/\/www.hotelpalarine.com\/ca\/explora\/\" target=\"_self\" itemprop=\"url\" rel=\"noopener\">\n\t\t\t\t<img loading=\"lazy\" decoding=\"async\" src=\"https:\/\/www.hotelpalarine.com\/wp-content\/uploads\/2021\/01\/Explore-Gastronomy.png\" alt=\"Gastronomy\" itemprop=\"image\" height=\"295\" width=\"290\" title=\"Gastronomy\" onerror=\"this.style.display='none'\"  \/>\n\t\t\t\t<\/a>\n\t\t\t\t<a href=\"https:\/\/www.hotelpalarine.com\/ca\/explora\/\" target=\"_self\" itemprop=\"url\" rel=\"noopener\">\n\t\t\t\t<img loading=\"lazy\" decoding=\"async\" src=\"https:\/\/www.hotelpalarine.com\/wp-content\/uploads\/2021\/01\/Explore-Wellness.png\" alt=\"Wellness\" itemprop=\"image\" height=\"295\" width=\"290\" title=\"Wellness\" onerror=\"this.style.display='none'\"  \/>\n\t\t\t\t<\/a>\n\t\t\t\t<a href=\"https:\/\/www.hotelpalarine.com\/ca\/explora\/\" target=\"_self\" itemprop=\"url\" rel=\"noopener\">\n\t\t\t\t<img loading=\"lazy\" decoding=\"async\" src=\"https:\/\/www.hotelpalarine.com\/wp-content\/uploads\/2021\/01\/Explore-Families.png\" alt=\"Families\" itemprop=\"image\" height=\"295\" width=\"290\" title=\"Families\" onerror=\"this.style.display='none'\"  \/>\n\t\t\t\t<\/a>\n<h2>\n\t\tRESTAURANT ORIENTAL BAMB\u00da\n\t<\/h2>\n\t\t\t\t<a href=\"#\" target=\"_self\" itemprop=\"url\" rel=\"noopener\">\n\t\t\t\t<img loading=\"lazy\" decoding=\"async\" src=\"https:\/\/www.hotelpalarine.com\/wp-content\/uploads\/2020\/12\/Restaurant-Breakfast.png\" alt=\"Breakfast\" itemprop=\"image\" height=\"300\" width=\"288\" title=\"Breakfast\" onerror=\"this.style.display='none'\"  \/>\n\t\t\t\t<\/a>\n\t\t\t\t<a href=\"#\" target=\"_self\" itemprop=\"url\" rel=\"noopener\">\n\t\t\t\t<img loading=\"lazy\" decoding=\"async\" src=\"https:\/\/www.hotelpalarine.com\/wp-content\/uploads\/2020\/12\/Restaurant-Dinner-Buffet.png\" alt=\"Dinner Buffet\" itemprop=\"image\" height=\"300\" width=\"288\" title=\"Dinner Buffet\" onerror=\"this.style.display='none'\"  \/>\n\t\t\t\t<\/a>\n\t\t\t\t<a href=\"#\" target=\"_self\" itemprop=\"url\" rel=\"noopener\">\n\t\t\t\t<img loading=\"lazy\" decoding=\"async\" src=\"https:\/\/www.hotelpalarine.com\/wp-content\/uploads\/2020\/12\/Restaurant-A-La-Carte.png\" alt=\"\u00c0 LA CARTE\" itemprop=\"image\" height=\"300\" width=\"288\" title=\"\u00c0 LA CARTE\" onerror=\"this.style.display='none'\"  \/>\n\t\t\t\t<\/a>\n\t\t\t\t<a href=\"#\" target=\"_self\" itemprop=\"url\" rel=\"noopener\">\n\t\t\t\t<img loading=\"lazy\" decoding=\"async\" src=\"https:\/\/www.hotelpalarine.com\/wp-content\/uploads\/2020\/12\/Restaurant-Takeaway.png\" alt=\"Takeaway\" itemprop=\"image\" height=\"300\" width=\"288\" title=\"Takeaway\" onerror=\"this.style.display='none'\"  \/>\n\t\t\t\t<\/a>\n\t\t\t\t\t\t\t<img decoding=\"async\" src=\"https:\/\/www.hotelpalarine.com\/wp-content\/uploads\/2020\/12\/David-J-Testimonial.png\" alt=\"David J\" \/>\n\t\t\t\t\t\t\t\t\t\t\t\t\t\t\t\t\t\t\t<strong>El millor<\/strong><br \/>\n<em>Cinquena vegada a aquest hotel, vine amb els amics perqu\u00e8 aqu\u00ed ens encanta anar amb bicicleta de muntanya, un lloc realment fant\u00e0stic, propietaris molt amables, bon menjar, m&#8217;agrada molt la ubicaci\u00f3, m&#8217;encanta caminar des d&#8217;aqu\u00ed per les muntanyes. 5 estrelles de part meva.<\/em>\n\t\t\t\t\t\t\t\t\t\t\t\t\t\t\t\t\t<h3>&#8211; David J<\/h3>\n\t\t\t\t\t\t\t<img decoding=\"async\" src=\"https:\/\/www.hotelpalarine.com\/wp-content\/uploads\/2020\/12\/David-J-Testimonial.png\" alt=\"David J\" \/>\n\t\t\t\t\t\t\t\t\t\t\t\t\t\t\t\t\t\t\t<strong>Quina joia<\/strong><br \/>\n<em>Vam parar a l&#8217;hotel Palarine de cam\u00ed cap a Espanya. Wow Quina gran troballa. Personal molt amable, Habitacions molt netes i es troba en un entorn pintoresc. Com era mig estiu, feia calor, aix\u00ed que era encantador passejar per la zona El restaurant xin\u00e8s del hotel era absolutament preci\u00f3s. El menjar era delici\u00f3s i a bon preu.<br \/>\nSens dubte, tornaria a aturar-m&#8217;hi en el nostre cam\u00ed, per\u00f2 potser hi passaria m\u00e9s de temps.<\/em>\n\t\t\t\t\t\t\t\t\t\t\t\t\t\t\t\t\t<h3>&#8211; tonyxr4<\/h3>\n\t\t\t\t\t\t\t<img decoding=\"async\" src=\"https:\/\/www.hotelpalarine.com\/wp-content\/uploads\/2020\/12\/David-J-Testimonial.png\" alt=\"David J\" \/>\n\t\t\t\t\t\t\t\t\t\t\t\t\t\t\t\t\t\t\t<strong>El millor buffet xin\u00e8s que he tingut la sort de visitar<\/strong><br \/>\n<em>Nom\u00e9s hi ha tant que es pot menjar, aix\u00ed que la qualitat del menjar ha de ser excepcional a l&#8217;hora de triar una experi\u00e8ncia de bufet. El buffet xin\u00e8s de l&#8217;Hotel Palarine\/ Bambu ofereix menjar de qualitat, varietat, nutritiu i delici\u00f3s en un ambient familiar acollidor i hospitalari. Personalment, em van agradar les delicioses costelles, el sushi i l&#8217;\u00e0nec de Pequ\u00edn. Assegureu-vos d&#8217;anar amb gana, ja que voldreu provar-ho tot. Relaci\u00f3 qualitat-preu total, no surtis d&#8217;Andorra sense provar-ho!<\/em>\n\t\t\t\t\t\t\t\t\t\t\t\t\t\t\t\t\t<h3>&#8211; CLC<\/h3>\n\t\t\t\t\t\t\t<img decoding=\"async\" src=\"https:\/\/www.hotelpalarine.com\/wp-content\/uploads\/2020\/12\/David-J-Testimonial.png\" alt=\"David J\" \/>\n\t\t\t\t\t\t\t\t\t\t\t\t\t\t\t\t\t\t\t<strong>Bona setmana al Palarine!<\/strong><br \/>\n<em>Acabo de passar una setmana fant\u00e0stica a l&#8217;hotel Palarine.<br \/>\n Net, c\u00f2mode, maco i sociable, i el menjar \u00e9s incre\u00efble! <br \/>\nL&#8217;autob\u00fas d&#8217;esqu\u00ed gratu\u00eft va ser fant\u00e0stic: va fer f\u00e0cil arribar al telecabina a Pal o Arinsal en pocs minuts.<br \/>\n Gr\u00e0cies Maria, Graham i l&#8217;equip !<\/em>\n\t\t\t\t\t\t\t\t\t\t\t\t\t\t\t\t\t<h3>&#8211; Taloo69<\/h3>\n\t\t\t\t\t\t\t<img decoding=\"async\" src=\"https:\/\/www.hotelpalarine.com\/wp-content\/uploads\/2020\/12\/David-J-Testimonial.png\" alt=\"David J\" \/>\n\t\t\t\t\t\t\t\t\t\t\t\t\t\t\t\t\t\t\t<strong>Oh d\u00e9u meu<\/strong><br \/><em>Aquest \u00e9s el millor sopar de diumenge al qual he posat la llengua.<br \/>\nVina a probar<br \/>\nB\u00e9, qu\u00e8 puc dir. Vaig venir aqu\u00ed per passar una bona estona, i no em vaig decepcionar<br \/>\n10\/10<br \/>\nMenci\u00f3 honorable per la salsa Gravy sense gluten.<\/em>!\n\t\t\t\t\t\t\t\t\t\t\t\t\t\t\t\t\t<h3>&#8211; Kyle L<\/h3>\n\t\t\t\t<!-- \/.pp-testimonials -->\n\n","protected":false},"excerpt":{"rendered":"<p>La teva base al cor d&#8217;Andorra HOTEL PALARINE OBT\u00c9 LA MILLOR TARIFA &#8211; RESERVA DIRECTE Les nostres habitacions Totes les nostres habitacions dobles, triples i qu\u00e0druples, renovades recentment, s\u00f3n accessibles amb ascensor i ofereixen unes vistes impressionants a la muntanya i al riu. LES NOSTRES CARACTER\u00cdSTIQUES Bar Super Fast Wifi Garden Garage EXPLORA ANDORRA RESTAURANT [&hellip;]<\/p>\n","protected":false},"author":2,"featured_media":0,"parent":0,"menu_order":0,"comment_status":"closed","ping_status":"closed","template":"","meta":{"_seopress_robots_primary_cat":"","_seopress_titles_title":"","_seopress_titles_desc":"","_seopress_robots_index":"","_genesis_hide_title":false,"_genesis_hide_breadcrumbs":false,"_genesis_hide_singular_image":false,"_genesis_hide_footer_widgets":false,"_genesis_custom_body_class":"","_genesis_custom_post_class":"","_genesis_layout":"","footnotes":""},"class_list":{"0":"post-1500","1":"page","2":"type-page","3":"status-publish","5":"entry"},"_links":{"self":[{"href":"https:\/\/www.hotelpalarine.com\/ca\/wp-json\/wp\/v2\/pages\/1500","targetHints":{"allow":["GET"]}}],"collection":[{"href":"https:\/\/www.hotelpalarine.com\/ca\/wp-json\/wp\/v2\/pages"}],"about":[{"href":"https:\/\/www.hotelpalarine.com\/ca\/wp-json\/wp\/v2\/types\/page"}],"author":[{"embeddable":true,"href":"https:\/\/www.hotelpalarine.com\/ca\/wp-json\/wp\/v2\/users\/2"}],"replies":[{"embeddable":true,"href":"https:\/\/www.hotelpalarine.com\/ca\/wp-json\/wp\/v2\/comments?post=1500"}],"version-history":[{"count":5,"href":"https:\/\/www.hotelpalarine.com\/ca\/wp-json\/wp\/v2\/pages\/1500\/revisions"}],"predecessor-version":[{"id":1595,"href":"https:\/\/www.hotelpalarine.com\/ca\/wp-json\/wp\/v2\/pages\/1500\/revisions\/1595"}],"wp:attachment":[{"href":"https:\/\/www.hotelpalarine.com\/ca\/wp-json\/wp\/v2\/media?parent=1500"}],"curies":[{"name":"wp","href":"https:\/\/api.w.org\/{rel}","templated":true}]}}